{"id":3301,"date":"2026-02-20T15:34:03","date_gmt":"2026-02-20T12:34:03","guid":{"rendered":"https:\/\/mesaticaret.com\/?post_type=product&#038;p=3301"},"modified":"2026-02-20T15:34:04","modified_gmt":"2026-02-20T12:34:04","slug":"domestos-kopuk-gucu-derz-temizleyici-450-ml","status":"publish","type":"product","link":"https:\/\/mesaticaret.com\/index.php\/urun\/domestos-kopuk-gucu-derz-temizleyici-450-ml\/","title":{"rendered":"Domestos K\u00f6p\u00fck G\u00fcc\u00fc Derz Temizleyici 450 ml"},"content":{"rendered":"<p>Domestos K\u00f6p\u00fck G\u00fcc\u00fc Derz Temizleyici 450 ml<\/p>\n<p>Yeni Domestos K\u00f6p\u00fck G\u00fcc\u00fc Derz Temizleyici, \u00e7ama\u015f\u0131r suyu katk\u0131l\u0131 form\u00fcl\u00fcyle ula\u015f\u0131lmas\u0131 en zor yerlerde siyah lekelerin %100\u2019\u00fcn\u00fc* temizleyebilmek amac\u0131yla hijyen uzmanlar\u0131 taraf\u0131ndan geli\u015ftirilmi\u015ftir. T\u00fcketicilerin fayans ve derzlerdeki siyah leke problemleri g\u00f6r\u00fclm\u00fc\u015f ve t\u00fcketici ihtiya\u00e7lar\u0131na en uygun olabilecek \u00fcr\u00fcn \u00fczerine \u00e7al\u0131\u015f\u0131lm\u0131\u015ft\u0131r. K\u00f6p\u00fck G\u00fcc\u00fc\u2019n\u00fcn yo\u011fun k\u00f6p\u00fc\u011f\u00fc y\u00fczeylere tutunur, mutfak, banyo ve t\u00fcm zeminlerdeki, ula\u015f\u0131lmas\u0131 en zor yerler dahil, derz aralar\u0131n\u0131 temizler. K\u00f6p\u00fck G\u00fcc\u00fc Derz Temizleyici, derz aralar\u0131ndaki lekelere h\u0131zl\u0131ca etki eder, derinlemesine hijyen sa\u011flar ve kolayca durulanabilir. Ters kullan\u0131labilir \u015fi\u015fesiyle zor alanlara ula\u015fabilir ve daha az \u00fcr\u00fcnle t\u00fcm y\u00fczeyi etkili bir \u015fekilde temizleyebilirsiniz. 1 \u015fi\u015fe Domestos K\u00f6p\u00fck G\u00fcc\u00fc ile 2 \u015fi\u015fe Domestos Yo\u011fun K\u0131vaml\u0131 \u00c7ama\u015f\u0131r Suyu\u2019nun temizledi\u011fi kadar alan temizlenir*. Domestos K\u00f6p\u00fck G\u00fcc\u00fc Derz Temizleyici, yo\u011fun k\u00f6p\u00fckl\u00fc temizlik sonras\u0131 ferah bir koku b\u0131rakarak, hijyenle birlikte ferahl\u0131k hissi sunar. Domestos K\u00f6p\u00fck G\u00fcc\u00fc Derz Temizleyici, g\u00fc\u00e7l\u00fc form\u00fcl\u00fcyle maksimum hijyen, beyazl\u0131k ve \u0131\u015f\u0131l \u0131\u015f\u0131l parlakl\u0131k sa\u011flar. Ters kullan\u0131labilir \u015fi\u015fesi, y\u00fcksek hijyen performans\u0131 ve \u00e7ok ama\u00e7l\u0131 kullan\u0131m\u0131 sayesinde evinizin farkl\u0131 y\u00fczeylerinde kullanabilece\u011finiz bir \u00fcr\u00fcnd\u00fcr. K\u00f6p\u00fck format\u0131 temizlik ve durulamay\u0131 kolayla\u015ft\u0131rmaya yard\u0131mc\u0131 olur. Domestos K\u00f6p\u00fck G\u00fcc\u00fc Derz Temizleyici ile y\u00fczeylerde hijyen, parlakl\u0131k ve ferahl\u0131\u011f\u0131n keyfini \u00e7\u0131kar\u0131n! *Kullan\u0131m ko\u015fullar\u0131na uygun \u015fekilde kullan\u0131ld\u0131\u011f\u0131nda. **Standart Domestos 750 mL Yo\u011fun K\u0131vaml\u0131 \u00c7ama\u015f\u0131r Suyuna k\u0131yasla. \u0130\u00e7indekiler: <%5 Anyonik Y\u00fczey Aktif Madde, Klor Bazl\u0131 A\u011fart\u0131c\u0131 (Sodyum Hipoklorit), Parf\u00fcm.\n\n\n<\/p>\n","protected":false},"excerpt":{"rendered":"<p>Domestos K\u00f6p\u00fck G\u00fcc\u00fc Derz Temizleyici 450 ml Yeni Domestos K\u00f6p\u00fck G\u00fcc\u00fc Derz Temizleyici, \u00e7ama\u015f\u0131r suyu katk\u0131l\u0131 form\u00fcl\u00fcyle ula\u015f\u0131lmas\u0131 en zor yerlerde siyah lekelerin %100\u2019\u00fcn\u00fc* temizleyebilmek amac\u0131yla hijyen uzmanlar\u0131 taraf\u0131ndan geli\u015ftirilmi\u015ftir. T\u00fcketicilerin fayans ve derzlerdeki siyah leke problemleri g\u00f6r\u00fclm\u00fc\u015f ve t\u00fcketici ihtiya\u00e7lar\u0131na en uygun olabilecek \u00fcr\u00fcn \u00fczerine \u00e7al\u0131\u015f\u0131lm\u0131\u015ft\u0131r. K\u00f6p\u00fck G\u00fcc\u00fc\u2019n\u00fcn yo\u011fun k\u00f6p\u00fc\u011f\u00fc y\u00fczeylere tutunur, mutfak, banyo [&hellip;]<\/p>\n","protected":false},"featured_media":3302,"comment_status":"open","ping_status":"closed","template":"","meta":[],"product_brand":[199],"product_cat":[52],"product_tag":[],"class_list":{"0":"post-3301","1":"product","2":"type-product","3":"status-publish","4":"has-post-thumbnail","6":"product_brand-domestos","7":"product_cat-ev-temizligi","9":"first","10":"instock","11":"taxable","12":"shipping-taxable","13":"purchasable","14":"product-type-simple"},"yoast_head":"<!-- This site is optimized with the Yoast SEO plugin v27.2 - https:\/\/yoast.com\/product\/yoast-seo-wordpress\/ -->\n<title>Domestos K\u00f6p\u00fck G\u00fcc\u00fc Derz Temizleyici 450 ml - Mesa Ticaret<\/title>\n<meta name=\"robots\" content=\"index, follow, max-snippet:-1, max-image-preview:large, max-video-preview:-1\" \/>\n<link rel=\"canonical\" href=\"https:\/\/mesaticaret.com\/index.php\/urun\/domestos-kopuk-gucu-derz-temizleyici-450-ml\/\" \/>\n<meta property=\"og:locale\" content=\"tr_TR\" \/>\n<meta property=\"og:type\" content=\"article\" \/>\n<meta property=\"og:title\" content=\"Domestos K\u00f6p\u00fck G\u00fcc\u00fc Derz Temizleyici 450 ml - Mesa Ticaret\" \/>\n<meta property=\"og:description\" content=\"Domestos K\u00f6p\u00fck G\u00fcc\u00fc Derz Temizleyici 450 ml Yeni Domestos K\u00f6p\u00fck G\u00fcc\u00fc Derz Temizleyici, \u00e7ama\u015f\u0131r suyu katk\u0131l\u0131 form\u00fcl\u00fcyle ula\u015f\u0131lmas\u0131 en zor yerlerde siyah lekelerin %100\u2019\u00fcn\u00fc* temizleyebilmek amac\u0131yla hijyen uzmanlar\u0131 taraf\u0131ndan geli\u015ftirilmi\u015ftir. T\u00fcketicilerin fayans ve derzlerdeki siyah leke problemleri g\u00f6r\u00fclm\u00fc\u015f ve t\u00fcketici ihtiya\u00e7lar\u0131na en uygun olabilecek \u00fcr\u00fcn \u00fczerine \u00e7al\u0131\u015f\u0131lm\u0131\u015ft\u0131r. K\u00f6p\u00fck G\u00fcc\u00fc\u2019n\u00fcn yo\u011fun k\u00f6p\u00fc\u011f\u00fc y\u00fczeylere tutunur, mutfak, banyo [&hellip;]\" \/>\n<meta property=\"og:url\" content=\"https:\/\/mesaticaret.com\/index.php\/urun\/domestos-kopuk-gucu-derz-temizleyici-450-ml\/\" \/>\n<meta property=\"og:site_name\" content=\"Mesa Ticaret\" \/>\n<meta property=\"article:publisher\" content=\"https:\/\/www.facebook.com\/profile.php?id=61565630218759\" \/>\n<meta property=\"article:modified_time\" content=\"2026-02-20T12:34:04+00:00\" \/>\n<meta property=\"og:image\" content=\"https:\/\/mesaticaret.com\/wp-content\/uploads\/110001361838704.jpg\" \/>\n\t<meta property=\"og:image:width\" content=\"960\" \/>\n\t<meta property=\"og:image:height\" content=\"1280\" \/>\n\t<meta property=\"og:image:type\" content=\"image\/jpeg\" \/>\n<meta name=\"twitter:card\" content=\"summary_large_image\" \/>\n<meta name=\"twitter:site\" content=\"@mehmetsatici\" \/>\n<meta name=\"twitter:label1\" content=\"Tahmini okuma s\u00fcresi\" \/>\n\t<meta name=\"twitter:data1\" content=\"1 dakika\" \/>\n<script type=\"application\/ld+json\" class=\"yoast-schema-graph\">{\"@context\":\"https:\/\/schema.org\",\"@graph\":[{\"@type\":\"WebPage\",\"@id\":\"https:\/\/mesaticaret.com\/index.php\/urun\/domestos-kopuk-gucu-derz-temizleyici-450-ml\/\",\"url\":\"https:\/\/mesaticaret.com\/index.php\/urun\/domestos-kopuk-gucu-derz-temizleyici-450-ml\/\",\"name\":\"Domestos K\u00f6p\u00fck G\u00fcc\u00fc Derz Temizleyici 450 ml - Mesa Ticaret\",\"isPartOf\":{\"@id\":\"https:\/\/mesaticaret.com\/#website\"},\"primaryImageOfPage\":{\"@id\":\"https:\/\/mesaticaret.com\/index.php\/urun\/domestos-kopuk-gucu-derz-temizleyici-450-ml\/#primaryimage\"},\"image\":{\"@id\":\"https:\/\/mesaticaret.com\/index.php\/urun\/domestos-kopuk-gucu-derz-temizleyici-450-ml\/#primaryimage\"},\"thumbnailUrl\":\"https:\/\/mesaticaret.com\/wp-content\/uploads\/110001361838704.jpg\",\"datePublished\":\"2026-02-20T12:34:03+00:00\",\"dateModified\":\"2026-02-20T12:34:04+00:00\",\"breadcrumb\":{\"@id\":\"https:\/\/mesaticaret.com\/index.php\/urun\/domestos-kopuk-gucu-derz-temizleyici-450-ml\/#breadcrumb\"},\"inLanguage\":\"tr\",\"potentialAction\":[{\"@type\":\"ReadAction\",\"target\":[\"https:\/\/mesaticaret.com\/index.php\/urun\/domestos-kopuk-gucu-derz-temizleyici-450-ml\/\"]}]},{\"@type\":\"ImageObject\",\"inLanguage\":\"tr\",\"@id\":\"https:\/\/mesaticaret.com\/index.php\/urun\/domestos-kopuk-gucu-derz-temizleyici-450-ml\/#primaryimage\",\"url\":\"https:\/\/mesaticaret.com\/wp-content\/uploads\/110001361838704.jpg\",\"contentUrl\":\"https:\/\/mesaticaret.com\/wp-content\/uploads\/110001361838704.jpg\",\"width\":960,\"height\":1280},{\"@type\":\"BreadcrumbList\",\"@id\":\"https:\/\/mesaticaret.com\/index.php\/urun\/domestos-kopuk-gucu-derz-temizleyici-450-ml\/#breadcrumb\",\"itemListElement\":[{\"@type\":\"ListItem\",\"position\":1,\"name\":\"Anasayfa\",\"item\":\"https:\/\/mesaticaret.com\/\"},{\"@type\":\"ListItem\",\"position\":2,\"name\":\"Ma\u011faza\",\"item\":\"https:\/\/mesaticaret.com\/\"},{\"@type\":\"ListItem\",\"position\":3,\"name\":\"Domestos K\u00f6p\u00fck G\u00fcc\u00fc Derz Temizleyici 450 ml\"}]},{\"@type\":\"WebSite\",\"@id\":\"https:\/\/mesaticaret.com\/#website\",\"url\":\"https:\/\/mesaticaret.com\/\",\"name\":\"Mesa Ticaret\",\"description\":\"\u0130htiya\u00e7lar\u0131n\u0131 uygun fiyatla kar\u015f\u0131la\",\"publisher\":{\"@id\":\"https:\/\/mesaticaret.com\/#organization\"},\"potentialAction\":[{\"@type\":\"SearchAction\",\"target\":{\"@type\":\"EntryPoint\",\"urlTemplate\":\"https:\/\/mesaticaret.com\/?s={search_term_string}\"},\"query-input\":{\"@type\":\"PropertyValueSpecification\",\"valueRequired\":true,\"valueName\":\"search_term_string\"}}],\"inLanguage\":\"tr\"},{\"@type\":\"Organization\",\"@id\":\"https:\/\/mesaticaret.com\/#organization\",\"name\":\"Mesa Ticaret\",\"url\":\"https:\/\/mesaticaret.com\/\",\"logo\":{\"@type\":\"ImageObject\",\"inLanguage\":\"tr\",\"@id\":\"https:\/\/mesaticaret.com\/#\/schema\/logo\/image\/\",\"url\":\"https:\/\/i0.wp.com\/mesaticaret.com\/wp-content\/uploads\/2024\/09\/M-LOGO.png?fit=240%2C240&ssl=1\",\"contentUrl\":\"https:\/\/i0.wp.com\/mesaticaret.com\/wp-content\/uploads\/2024\/09\/M-LOGO.png?fit=240%2C240&ssl=1\",\"width\":240,\"height\":240,\"caption\":\"Mesa Ticaret\"},\"image\":{\"@id\":\"https:\/\/mesaticaret.com\/#\/schema\/logo\/image\/\"},\"sameAs\":[\"https:\/\/www.facebook.com\/profile.php?id=61565630218759\",\"https:\/\/x.com\/mehmetsatici\"]}]}<\/script>\n<!-- \/ Yoast SEO plugin. -->","yoast_head_json":{"title":"Domestos K\u00f6p\u00fck G\u00fcc\u00fc Derz Temizleyici 450 ml - Mesa Ticaret","robots":{"index":"index","follow":"follow","max-snippet":"max-snippet:-1","max-image-preview":"max-image-preview:large","max-video-preview":"max-video-preview:-1"},"canonical":"https:\/\/mesaticaret.com\/index.php\/urun\/domestos-kopuk-gucu-derz-temizleyici-450-ml\/","og_locale":"tr_TR","og_type":"article","og_title":"Domestos K\u00f6p\u00fck G\u00fcc\u00fc Derz Temizleyici 450 ml - Mesa Ticaret","og_description":"Domestos K\u00f6p\u00fck G\u00fcc\u00fc Derz Temizleyici 450 ml Yeni Domestos K\u00f6p\u00fck G\u00fcc\u00fc Derz Temizleyici, \u00e7ama\u015f\u0131r suyu katk\u0131l\u0131 form\u00fcl\u00fcyle ula\u015f\u0131lmas\u0131 en zor yerlerde siyah lekelerin %100\u2019\u00fcn\u00fc* temizleyebilmek amac\u0131yla hijyen uzmanlar\u0131 taraf\u0131ndan geli\u015ftirilmi\u015ftir. T\u00fcketicilerin fayans ve derzlerdeki siyah leke problemleri g\u00f6r\u00fclm\u00fc\u015f ve t\u00fcketici ihtiya\u00e7lar\u0131na en uygun olabilecek \u00fcr\u00fcn \u00fczerine \u00e7al\u0131\u015f\u0131lm\u0131\u015ft\u0131r. K\u00f6p\u00fck G\u00fcc\u00fc\u2019n\u00fcn yo\u011fun k\u00f6p\u00fc\u011f\u00fc y\u00fczeylere tutunur, mutfak, banyo [&hellip;]","og_url":"https:\/\/mesaticaret.com\/index.php\/urun\/domestos-kopuk-gucu-derz-temizleyici-450-ml\/","og_site_name":"Mesa Ticaret","article_publisher":"https:\/\/www.facebook.com\/profile.php?id=61565630218759","article_modified_time":"2026-02-20T12:34:04+00:00","og_image":[{"width":960,"height":1280,"url":"https:\/\/mesaticaret.com\/wp-content\/uploads\/110001361838704.jpg","type":"image\/jpeg"}],"twitter_card":"summary_large_image","twitter_site":"@mehmetsatici","twitter_misc":{"Tahmini okuma s\u00fcresi":"1 dakika"},"schema":{"@context":"https:\/\/schema.org","@graph":[{"@type":"WebPage","@id":"https:\/\/mesaticaret.com\/index.php\/urun\/domestos-kopuk-gucu-derz-temizleyici-450-ml\/","url":"https:\/\/mesaticaret.com\/index.php\/urun\/domestos-kopuk-gucu-derz-temizleyici-450-ml\/","name":"Domestos K\u00f6p\u00fck G\u00fcc\u00fc Derz Temizleyici 450 ml - Mesa Ticaret","isPartOf":{"@id":"https:\/\/mesaticaret.com\/#website"},"primaryImageOfPage":{"@id":"https:\/\/mesaticaret.com\/index.php\/urun\/domestos-kopuk-gucu-derz-temizleyici-450-ml\/#primaryimage"},"image":{"@id":"https:\/\/mesaticaret.com\/index.php\/urun\/domestos-kopuk-gucu-derz-temizleyici-450-ml\/#primaryimage"},"thumbnailUrl":"https:\/\/mesaticaret.com\/wp-content\/uploads\/110001361838704.jpg","datePublished":"2026-02-20T12:34:03+00:00","dateModified":"2026-02-20T12:34:04+00:00","breadcrumb":{"@id":"https:\/\/mesaticaret.com\/index.php\/urun\/domestos-kopuk-gucu-derz-temizleyici-450-ml\/#breadcrumb"},"inLanguage":"tr","potentialAction":[{"@type":"ReadAction","target":["https:\/\/mesaticaret.com\/index.php\/urun\/domestos-kopuk-gucu-derz-temizleyici-450-ml\/"]}]},{"@type":"ImageObject","inLanguage":"tr","@id":"https:\/\/mesaticaret.com\/index.php\/urun\/domestos-kopuk-gucu-derz-temizleyici-450-ml\/#primaryimage","url":"https:\/\/mesaticaret.com\/wp-content\/uploads\/110001361838704.jpg","contentUrl":"https:\/\/mesaticaret.com\/wp-content\/uploads\/110001361838704.jpg","width":960,"height":1280},{"@type":"BreadcrumbList","@id":"https:\/\/mesaticaret.com\/index.php\/urun\/domestos-kopuk-gucu-derz-temizleyici-450-ml\/#breadcrumb","itemListElement":[{"@type":"ListItem","position":1,"name":"Anasayfa","item":"https:\/\/mesaticaret.com\/"},{"@type":"ListItem","position":2,"name":"Ma\u011faza","item":"https:\/\/mesaticaret.com\/"},{"@type":"ListItem","position":3,"name":"Domestos K\u00f6p\u00fck G\u00fcc\u00fc Derz Temizleyici 450 ml"}]},{"@type":"WebSite","@id":"https:\/\/mesaticaret.com\/#website","url":"https:\/\/mesaticaret.com\/","name":"Mesa Ticaret","description":"\u0130htiya\u00e7lar\u0131n\u0131 uygun fiyatla kar\u015f\u0131la","publisher":{"@id":"https:\/\/mesaticaret.com\/#organization"},"potentialAction":[{"@type":"SearchAction","target":{"@type":"EntryPoint","urlTemplate":"https:\/\/mesaticaret.com\/?s={search_term_string}"},"query-input":{"@type":"PropertyValueSpecification","valueRequired":true,"valueName":"search_term_string"}}],"inLanguage":"tr"},{"@type":"Organization","@id":"https:\/\/mesaticaret.com\/#organization","name":"Mesa Ticaret","url":"https:\/\/mesaticaret.com\/","logo":{"@type":"ImageObject","inLanguage":"tr","@id":"https:\/\/mesaticaret.com\/#\/schema\/logo\/image\/","url":"https:\/\/i0.wp.com\/mesaticaret.com\/wp-content\/uploads\/2024\/09\/M-LOGO.png?fit=240%2C240&ssl=1","contentUrl":"https:\/\/i0.wp.com\/mesaticaret.com\/wp-content\/uploads\/2024\/09\/M-LOGO.png?fit=240%2C240&ssl=1","width":240,"height":240,"caption":"Mesa Ticaret"},"image":{"@id":"https:\/\/mesaticaret.com\/#\/schema\/logo\/image\/"},"sameAs":["https:\/\/www.facebook.com\/profile.php?id=61565630218759","https:\/\/x.com\/mehmetsatici"]}]}},"_links":{"self":[{"href":"https:\/\/mesaticaret.com\/index.php\/wp-json\/wp\/v2\/product\/3301","targetHints":{"allow":["GET"]}}],"collection":[{"href":"https:\/\/mesaticaret.com\/index.php\/wp-json\/wp\/v2\/product"}],"about":[{"href":"https:\/\/mesaticaret.com\/index.php\/wp-json\/wp\/v2\/types\/product"}],"replies":[{"embeddable":true,"href":"https:\/\/mesaticaret.com\/index.php\/wp-json\/wp\/v2\/comments?post=3301"}],"wp:featuredmedia":[{"embeddable":true,"href":"https:\/\/mesaticaret.com\/index.php\/wp-json\/wp\/v2\/media\/3302"}],"wp:attachment":[{"href":"https:\/\/mesaticaret.com\/index.php\/wp-json\/wp\/v2\/media?parent=3301"}],"wp:term":[{"taxonomy":"product_brand","embeddable":true,"href":"https:\/\/mesaticaret.com\/index.php\/wp-json\/wp\/v2\/product_brand?post=3301"},{"taxonomy":"product_cat","embeddable":true,"href":"https:\/\/mesaticaret.com\/index.php\/wp-json\/wp\/v2\/product_cat?post=3301"},{"taxonomy":"product_tag","embeddable":true,"href":"https:\/\/mesaticaret.com\/index.php\/wp-json\/wp\/v2\/product_tag?post=3301"}],"curies":[{"name":"wp","href":"https:\/\/api.w.org\/{rel}","templated":true}]}}