{"id":3242,"date":"2026-01-06T21:22:58","date_gmt":"2026-01-06T18:22:58","guid":{"rendered":"https:\/\/mesaticaret.com\/?post_type=product&#038;p=3242"},"modified":"2026-04-09T20:41:16","modified_gmt":"2026-04-09T17:41:16","slug":"koroplast-strec-film-100-metre-kesme-bicagi-hediyeli-2","status":"publish","type":"product","link":"https:\/\/mesaticaret.com\/index.php\/urun\/koroplast-strec-film-100-metre-kesme-bicagi-hediyeli-2\/","title":{"rendered":"Koroplast Stre\u00e7 Film 100 Metre (Kesme B\u0131\u00e7a\u011f\u0131 Hediyeli)"},"content":{"rendered":"<div>\n<h2 class=\"title\">Koroplast Stre\u00e7 Film 100 Metre<\/h2>\n<div class=\"content-left-top\">\n<div class=\"product-info\">\n<div class=\"text font read-more\">\n<p>Pratik kesme b\u0131\u00e7a\u011f\u0131 sayesinde de kolay kullan\u0131m imkan\u0131 yarat\u0131r. (Kesme B\u0131\u00e7a\u011f\u0131 Hediyeli \u00fcr\u00fcnlerimiz i\u00e7in)<\/p>\n<p>G\u0131dalar\u0131n saklanmas\u0131nda hijyenik bir ortam sa\u011flayarak d\u0131\u015f ortamdan gelebilecek mikroplar\u0131nda g\u0131dan\u0131za bula\u015fmas\u0131na engel olur.<\/p>\n<p>Kapa\u011f\u0131 olmayan her boyutta kab\u0131n\u0131zda g\u00fcvenle yemek saklaman\u0131z i\u00e7in kapak g\u00f6revi g\u00f6r\u00fcr.<\/p>\n<p>Buzdolab\u0131n\u0131za yemek kokusu sinmesine engel olur, g\u0131da kokular\u0131n\u0131n birbirine kar\u0131\u015fmas\u0131n\u0131 \u00f6nler.<\/p>\n<p>Servis hijyeni sa\u011flama veya g\u0131dalar\u0131 daha uzun s\u00fcre taze kalacak \u015fekilde saklamakta kullan\u0131labilir.<\/p>\n<p>Ya\u011fl\u0131 ve asidik g\u0131dalar ile direkt temas\u0131 \u00f6nerilmez.<\/p>\n<p>BPA (Bisphenol A) i\u00e7ermez.<\/p>\n<\/div>\n<\/div>\n<\/div>\n<\/div>\n","protected":false},"excerpt":{"rendered":"<p>Koroplast Stre\u00e7 Film 100 Metre Pratik kesme b\u0131\u00e7a\u011f\u0131 sayesinde de kolay kullan\u0131m imkan\u0131 yarat\u0131r. (Kesme B\u0131\u00e7a\u011f\u0131 Hediyeli \u00fcr\u00fcnlerimiz i\u00e7in) G\u0131dalar\u0131n saklanmas\u0131nda hijyenik bir ortam sa\u011flayarak d\u0131\u015f ortamdan gelebilecek mikroplar\u0131nda g\u0131dan\u0131za bula\u015fmas\u0131na engel olur. Kapa\u011f\u0131 olmayan her boyutta kab\u0131n\u0131zda g\u00fcvenle yemek saklaman\u0131z i\u00e7in kapak g\u00f6revi g\u00f6r\u00fcr. Buzdolab\u0131n\u0131za yemek kokusu sinmesine engel olur, g\u0131da kokular\u0131n\u0131n birbirine kar\u0131\u015fmas\u0131n\u0131 [&hellip;]<\/p>\n","protected":false},"featured_media":2251,"comment_status":"open","ping_status":"closed","template":"","meta":[],"product_brand":[189],"product_cat":[151],"product_tag":[],"class_list":{"0":"post-3242","1":"product","2":"type-product","3":"status-publish","4":"has-post-thumbnail","6":"product_brand-koro","7":"product_cat-strec-film","9":"first","10":"instock","11":"taxable","12":"shipping-taxable","13":"purchasable","14":"product-type-simple"},"yoast_head":"<!-- This site is optimized with the Yoast SEO plugin v27.2 - https:\/\/yoast.com\/product\/yoast-seo-wordpress\/ -->\n<title>Koroplast Stre\u00e7 Film 100 Metre (Kesme B\u0131\u00e7a\u011f\u0131 Hediyeli) - Mesa Ticaret<\/title>\n<meta name=\"robots\" content=\"index, follow, max-snippet:-1, max-image-preview:large, max-video-preview:-1\" \/>\n<link rel=\"canonical\" href=\"https:\/\/mesaticaret.com\/index.php\/urun\/koroplast-strec-film-100-metre-kesme-bicagi-hediyeli-2\/\" \/>\n<meta property=\"og:locale\" content=\"tr_TR\" \/>\n<meta property=\"og:type\" content=\"article\" \/>\n<meta property=\"og:title\" content=\"Koroplast Stre\u00e7 Film 100 Metre (Kesme B\u0131\u00e7a\u011f\u0131 Hediyeli) - Mesa Ticaret\" \/>\n<meta property=\"og:description\" content=\"Koroplast Stre\u00e7 Film 100 Metre Pratik kesme b\u0131\u00e7a\u011f\u0131 sayesinde de kolay kullan\u0131m imkan\u0131 yarat\u0131r. (Kesme B\u0131\u00e7a\u011f\u0131 Hediyeli \u00fcr\u00fcnlerimiz i\u00e7in) G\u0131dalar\u0131n saklanmas\u0131nda hijyenik bir ortam sa\u011flayarak d\u0131\u015f ortamdan gelebilecek mikroplar\u0131nda g\u0131dan\u0131za bula\u015fmas\u0131na engel olur. Kapa\u011f\u0131 olmayan her boyutta kab\u0131n\u0131zda g\u00fcvenle yemek saklaman\u0131z i\u00e7in kapak g\u00f6revi g\u00f6r\u00fcr. Buzdolab\u0131n\u0131za yemek kokusu sinmesine engel olur, g\u0131da kokular\u0131n\u0131n birbirine kar\u0131\u015fmas\u0131n\u0131 [&hellip;]\" \/>\n<meta property=\"og:url\" content=\"https:\/\/mesaticaret.com\/index.php\/urun\/koroplast-strec-film-100-metre-kesme-bicagi-hediyeli-2\/\" \/>\n<meta property=\"og:site_name\" content=\"Mesa Ticaret\" \/>\n<meta property=\"article:publisher\" content=\"https:\/\/www.facebook.com\/profile.php?id=61565630218759\" \/>\n<meta property=\"article:modified_time\" content=\"2026-04-09T17:41:16+00:00\" \/>\n<meta property=\"og:image\" content=\"https:\/\/mesaticaret.com\/wp-content\/uploads\/koroplast-c14.png\" \/>\n\t<meta property=\"og:image:width\" content=\"600\" \/>\n\t<meta property=\"og:image:height\" content=\"800\" \/>\n\t<meta property=\"og:image:type\" content=\"image\/png\" \/>\n<meta name=\"twitter:card\" content=\"summary_large_image\" \/>\n<meta name=\"twitter:site\" content=\"@mehmetsatici\" \/>\n<meta name=\"twitter:label1\" content=\"Tahmini okuma s\u00fcresi\" \/>\n\t<meta name=\"twitter:data1\" content=\"1 dakika\" \/>\n<script type=\"application\/ld+json\" class=\"yoast-schema-graph\">{\"@context\":\"https:\/\/schema.org\",\"@graph\":[{\"@type\":\"WebPage\",\"@id\":\"https:\/\/mesaticaret.com\/index.php\/urun\/koroplast-strec-film-100-metre-kesme-bicagi-hediyeli-2\/\",\"url\":\"https:\/\/mesaticaret.com\/index.php\/urun\/koroplast-strec-film-100-metre-kesme-bicagi-hediyeli-2\/\",\"name\":\"Koroplast Stre\u00e7 Film 100 Metre (Kesme B\u0131\u00e7a\u011f\u0131 Hediyeli) - Mesa Ticaret\",\"isPartOf\":{\"@id\":\"https:\/\/mesaticaret.com\/#website\"},\"primaryImageOfPage\":{\"@id\":\"https:\/\/mesaticaret.com\/index.php\/urun\/koroplast-strec-film-100-metre-kesme-bicagi-hediyeli-2\/#primaryimage\"},\"image\":{\"@id\":\"https:\/\/mesaticaret.com\/index.php\/urun\/koroplast-strec-film-100-metre-kesme-bicagi-hediyeli-2\/#primaryimage\"},\"thumbnailUrl\":\"https:\/\/mesaticaret.com\/wp-content\/uploads\/koroplast-c14.png\",\"datePublished\":\"2026-01-06T18:22:58+00:00\",\"dateModified\":\"2026-04-09T17:41:16+00:00\",\"breadcrumb\":{\"@id\":\"https:\/\/mesaticaret.com\/index.php\/urun\/koroplast-strec-film-100-metre-kesme-bicagi-hediyeli-2\/#breadcrumb\"},\"inLanguage\":\"tr\",\"potentialAction\":[{\"@type\":\"ReadAction\",\"target\":[\"https:\/\/mesaticaret.com\/index.php\/urun\/koroplast-strec-film-100-metre-kesme-bicagi-hediyeli-2\/\"]}]},{\"@type\":\"ImageObject\",\"inLanguage\":\"tr\",\"@id\":\"https:\/\/mesaticaret.com\/index.php\/urun\/koroplast-strec-film-100-metre-kesme-bicagi-hediyeli-2\/#primaryimage\",\"url\":\"https:\/\/mesaticaret.com\/wp-content\/uploads\/koroplast-c14.png\",\"contentUrl\":\"https:\/\/mesaticaret.com\/wp-content\/uploads\/koroplast-c14.png\",\"width\":600,\"height\":800},{\"@type\":\"BreadcrumbList\",\"@id\":\"https:\/\/mesaticaret.com\/index.php\/urun\/koroplast-strec-film-100-metre-kesme-bicagi-hediyeli-2\/#breadcrumb\",\"itemListElement\":[{\"@type\":\"ListItem\",\"position\":1,\"name\":\"Anasayfa\",\"item\":\"https:\/\/mesaticaret.com\/\"},{\"@type\":\"ListItem\",\"position\":2,\"name\":\"Ma\u011faza\",\"item\":\"https:\/\/mesaticaret.com\/\"},{\"@type\":\"ListItem\",\"position\":3,\"name\":\"Koroplast Stre\u00e7 Film 100 Metre (Kesme B\u0131\u00e7a\u011f\u0131 Hediyeli)\"}]},{\"@type\":\"WebSite\",\"@id\":\"https:\/\/mesaticaret.com\/#website\",\"url\":\"https:\/\/mesaticaret.com\/\",\"name\":\"Mesa Ticaret\",\"description\":\"\u0130htiya\u00e7lar\u0131n\u0131 uygun fiyatla kar\u015f\u0131la\",\"publisher\":{\"@id\":\"https:\/\/mesaticaret.com\/#organization\"},\"potentialAction\":[{\"@type\":\"SearchAction\",\"target\":{\"@type\":\"EntryPoint\",\"urlTemplate\":\"https:\/\/mesaticaret.com\/?s={search_term_string}\"},\"query-input\":{\"@type\":\"PropertyValueSpecification\",\"valueRequired\":true,\"valueName\":\"search_term_string\"}}],\"inLanguage\":\"tr\"},{\"@type\":\"Organization\",\"@id\":\"https:\/\/mesaticaret.com\/#organization\",\"name\":\"Mesa Ticaret\",\"url\":\"https:\/\/mesaticaret.com\/\",\"logo\":{\"@type\":\"ImageObject\",\"inLanguage\":\"tr\",\"@id\":\"https:\/\/mesaticaret.com\/#\/schema\/logo\/image\/\",\"url\":\"https:\/\/i0.wp.com\/mesaticaret.com\/wp-content\/uploads\/2024\/09\/M-LOGO.png?fit=240%2C240&ssl=1\",\"contentUrl\":\"https:\/\/i0.wp.com\/mesaticaret.com\/wp-content\/uploads\/2024\/09\/M-LOGO.png?fit=240%2C240&ssl=1\",\"width\":240,\"height\":240,\"caption\":\"Mesa Ticaret\"},\"image\":{\"@id\":\"https:\/\/mesaticaret.com\/#\/schema\/logo\/image\/\"},\"sameAs\":[\"https:\/\/www.facebook.com\/profile.php?id=61565630218759\",\"https:\/\/x.com\/mehmetsatici\"]}]}<\/script>\n<!-- \/ Yoast SEO plugin. -->","yoast_head_json":{"title":"Koroplast Stre\u00e7 Film 100 Metre (Kesme B\u0131\u00e7a\u011f\u0131 Hediyeli) - Mesa Ticaret","robots":{"index":"index","follow":"follow","max-snippet":"max-snippet:-1","max-image-preview":"max-image-preview:large","max-video-preview":"max-video-preview:-1"},"canonical":"https:\/\/mesaticaret.com\/index.php\/urun\/koroplast-strec-film-100-metre-kesme-bicagi-hediyeli-2\/","og_locale":"tr_TR","og_type":"article","og_title":"Koroplast Stre\u00e7 Film 100 Metre (Kesme B\u0131\u00e7a\u011f\u0131 Hediyeli) - Mesa Ticaret","og_description":"Koroplast Stre\u00e7 Film 100 Metre Pratik kesme b\u0131\u00e7a\u011f\u0131 sayesinde de kolay kullan\u0131m imkan\u0131 yarat\u0131r. (Kesme B\u0131\u00e7a\u011f\u0131 Hediyeli \u00fcr\u00fcnlerimiz i\u00e7in) G\u0131dalar\u0131n saklanmas\u0131nda hijyenik bir ortam sa\u011flayarak d\u0131\u015f ortamdan gelebilecek mikroplar\u0131nda g\u0131dan\u0131za bula\u015fmas\u0131na engel olur. Kapa\u011f\u0131 olmayan her boyutta kab\u0131n\u0131zda g\u00fcvenle yemek saklaman\u0131z i\u00e7in kapak g\u00f6revi g\u00f6r\u00fcr. Buzdolab\u0131n\u0131za yemek kokusu sinmesine engel olur, g\u0131da kokular\u0131n\u0131n birbirine kar\u0131\u015fmas\u0131n\u0131 [&hellip;]","og_url":"https:\/\/mesaticaret.com\/index.php\/urun\/koroplast-strec-film-100-metre-kesme-bicagi-hediyeli-2\/","og_site_name":"Mesa Ticaret","article_publisher":"https:\/\/www.facebook.com\/profile.php?id=61565630218759","article_modified_time":"2026-04-09T17:41:16+00:00","og_image":[{"width":600,"height":800,"url":"https:\/\/mesaticaret.com\/wp-content\/uploads\/koroplast-c14.png","type":"image\/png"}],"twitter_card":"summary_large_image","twitter_site":"@mehmetsatici","twitter_misc":{"Tahmini okuma s\u00fcresi":"1 dakika"},"schema":{"@context":"https:\/\/schema.org","@graph":[{"@type":"WebPage","@id":"https:\/\/mesaticaret.com\/index.php\/urun\/koroplast-strec-film-100-metre-kesme-bicagi-hediyeli-2\/","url":"https:\/\/mesaticaret.com\/index.php\/urun\/koroplast-strec-film-100-metre-kesme-bicagi-hediyeli-2\/","name":"Koroplast Stre\u00e7 Film 100 Metre (Kesme B\u0131\u00e7a\u011f\u0131 Hediyeli) - Mesa Ticaret","isPartOf":{"@id":"https:\/\/mesaticaret.com\/#website"},"primaryImageOfPage":{"@id":"https:\/\/mesaticaret.com\/index.php\/urun\/koroplast-strec-film-100-metre-kesme-bicagi-hediyeli-2\/#primaryimage"},"image":{"@id":"https:\/\/mesaticaret.com\/index.php\/urun\/koroplast-strec-film-100-metre-kesme-bicagi-hediyeli-2\/#primaryimage"},"thumbnailUrl":"https:\/\/mesaticaret.com\/wp-content\/uploads\/koroplast-c14.png","datePublished":"2026-01-06T18:22:58+00:00","dateModified":"2026-04-09T17:41:16+00:00","breadcrumb":{"@id":"https:\/\/mesaticaret.com\/index.php\/urun\/koroplast-strec-film-100-metre-kesme-bicagi-hediyeli-2\/#breadcrumb"},"inLanguage":"tr","potentialAction":[{"@type":"ReadAction","target":["https:\/\/mesaticaret.com\/index.php\/urun\/koroplast-strec-film-100-metre-kesme-bicagi-hediyeli-2\/"]}]},{"@type":"ImageObject","inLanguage":"tr","@id":"https:\/\/mesaticaret.com\/index.php\/urun\/koroplast-strec-film-100-metre-kesme-bicagi-hediyeli-2\/#primaryimage","url":"https:\/\/mesaticaret.com\/wp-content\/uploads\/koroplast-c14.png","contentUrl":"https:\/\/mesaticaret.com\/wp-content\/uploads\/koroplast-c14.png","width":600,"height":800},{"@type":"BreadcrumbList","@id":"https:\/\/mesaticaret.com\/index.php\/urun\/koroplast-strec-film-100-metre-kesme-bicagi-hediyeli-2\/#breadcrumb","itemListElement":[{"@type":"ListItem","position":1,"name":"Anasayfa","item":"https:\/\/mesaticaret.com\/"},{"@type":"ListItem","position":2,"name":"Ma\u011faza","item":"https:\/\/mesaticaret.com\/"},{"@type":"ListItem","position":3,"name":"Koroplast Stre\u00e7 Film 100 Metre (Kesme B\u0131\u00e7a\u011f\u0131 Hediyeli)"}]},{"@type":"WebSite","@id":"https:\/\/mesaticaret.com\/#website","url":"https:\/\/mesaticaret.com\/","name":"Mesa Ticaret","description":"\u0130htiya\u00e7lar\u0131n\u0131 uygun fiyatla kar\u015f\u0131la","publisher":{"@id":"https:\/\/mesaticaret.com\/#organization"},"potentialAction":[{"@type":"SearchAction","target":{"@type":"EntryPoint","urlTemplate":"https:\/\/mesaticaret.com\/?s={search_term_string}"},"query-input":{"@type":"PropertyValueSpecification","valueRequired":true,"valueName":"search_term_string"}}],"inLanguage":"tr"},{"@type":"Organization","@id":"https:\/\/mesaticaret.com\/#organization","name":"Mesa Ticaret","url":"https:\/\/mesaticaret.com\/","logo":{"@type":"ImageObject","inLanguage":"tr","@id":"https:\/\/mesaticaret.com\/#\/schema\/logo\/image\/","url":"https:\/\/i0.wp.com\/mesaticaret.com\/wp-content\/uploads\/2024\/09\/M-LOGO.png?fit=240%2C240&ssl=1","contentUrl":"https:\/\/i0.wp.com\/mesaticaret.com\/wp-content\/uploads\/2024\/09\/M-LOGO.png?fit=240%2C240&ssl=1","width":240,"height":240,"caption":"Mesa Ticaret"},"image":{"@id":"https:\/\/mesaticaret.com\/#\/schema\/logo\/image\/"},"sameAs":["https:\/\/www.facebook.com\/profile.php?id=61565630218759","https:\/\/x.com\/mehmetsatici"]}]}},"_links":{"self":[{"href":"https:\/\/mesaticaret.com\/index.php\/wp-json\/wp\/v2\/product\/3242","targetHints":{"allow":["GET"]}}],"collection":[{"href":"https:\/\/mesaticaret.com\/index.php\/wp-json\/wp\/v2\/product"}],"about":[{"href":"https:\/\/mesaticaret.com\/index.php\/wp-json\/wp\/v2\/types\/product"}],"replies":[{"embeddable":true,"href":"https:\/\/mesaticaret.com\/index.php\/wp-json\/wp\/v2\/comments?post=3242"}],"wp:featuredmedia":[{"embeddable":true,"href":"https:\/\/mesaticaret.com\/index.php\/wp-json\/wp\/v2\/media\/2251"}],"wp:attachment":[{"href":"https:\/\/mesaticaret.com\/index.php\/wp-json\/wp\/v2\/media?parent=3242"}],"wp:term":[{"taxonomy":"product_brand","embeddable":true,"href":"https:\/\/mesaticaret.com\/index.php\/wp-json\/wp\/v2\/product_brand?post=3242"},{"taxonomy":"product_cat","embeddable":true,"href":"https:\/\/mesaticaret.com\/index.php\/wp-json\/wp\/v2\/product_cat?post=3242"},{"taxonomy":"product_tag","embeddable":true,"href":"https:\/\/mesaticaret.com\/index.php\/wp-json\/wp\/v2\/product_tag?post=3242"}],"curies":[{"name":"wp","href":"https:\/\/api.w.org\/{rel}","templated":true}]}}