{"id":3223,"date":"2026-01-06T21:22:44","date_gmt":"2026-01-06T18:22:44","guid":{"rendered":"https:\/\/mesaticaret.com\/?post_type=product&#038;p=3223"},"modified":"2026-01-06T21:22:53","modified_gmt":"2026-01-06T18:22:53","slug":"koroplast-aluminyum-folyo-15-metre-2","status":"publish","type":"product","link":"https:\/\/mesaticaret.com\/index.php\/urun\/koroplast-aluminyum-folyo-15-metre-2\/","title":{"rendered":"Koroplast Al\u00fcminyum Folyo 15 Metre"},"content":{"rendered":"<div>\n<h2 class=\"title\">Koroplast Al\u00fcminyum Folyo 15 Metre<\/h2>\n<div class=\"content-left-top\">\n<div class=\"product-info\">\n<div class=\"text font read-more\">\n<p>\u0130stenilen forma da sokulabildi\u011fi i\u00e7in \u00e7ok ama\u00e7l\u0131 bir kullan\u0131m sunar.<\/p>\n<p>G\u0131dalar\u0131n saklanmas\u0131nda hijyenik bir ortam sa\u011flayarak d\u0131\u015f ortamdan gelebilecek mikroplar\u0131nda g\u0131dan\u0131za bula\u015fmas\u0131na engel olur.<\/p>\n<p>Kapa\u011f\u0131 olmayan her boyutta kab\u0131n\u0131zda g\u00fcvenle yemek saklaman\u0131z i\u00e7in kapak g\u00f6revi g\u00f6r\u00fcr.<\/p>\n<p>Bu \u00fcr\u00fcnle pi\u015firme yap\u0131lmas\u0131, sa\u011fl\u0131k a\u00e7\u0131s\u0131ndan \u00f6nerilmez.<\/p>\n<p>T\u00fcm metalik ala\u015f\u0131mlar gibi al\u00fcminyum folyo da, mikrodalga f\u0131r\u0131nlarda kullan\u0131lmaya uygun de\u011fildir.<\/p>\n<p>Servis hijyeni sa\u011flama veya g\u0131dalar\u0131 daha uzun s\u00fcre taze kalacak \u015fekilde saklamakta kullan\u0131labilir.<\/p>\n<p>BPA (Bisphenol A) i\u00e7ermez.<\/p>\n<\/div>\n<\/div>\n<\/div>\n<\/div>\n","protected":false},"excerpt":{"rendered":"<p>Koroplast Al\u00fcminyum Folyo 15 Metre \u0130stenilen forma da sokulabildi\u011fi i\u00e7in \u00e7ok ama\u00e7l\u0131 bir kullan\u0131m sunar. G\u0131dalar\u0131n saklanmas\u0131nda hijyenik bir ortam sa\u011flayarak d\u0131\u015f ortamdan gelebilecek mikroplar\u0131nda g\u0131dan\u0131za bula\u015fmas\u0131na engel olur. Kapa\u011f\u0131 olmayan her boyutta kab\u0131n\u0131zda g\u00fcvenle yemek saklaman\u0131z i\u00e7in kapak g\u00f6revi g\u00f6r\u00fcr. Bu \u00fcr\u00fcnle pi\u015firme yap\u0131lmas\u0131, sa\u011fl\u0131k a\u00e7\u0131s\u0131ndan \u00f6nerilmez. T\u00fcm metalik ala\u015f\u0131mlar gibi al\u00fcminyum folyo da, [&hellip;]<\/p>\n","protected":false},"featured_media":2253,"comment_status":"open","ping_status":"closed","template":"","meta":[],"product_brand":[189],"product_cat":[152],"product_tag":[],"class_list":{"0":"post-3223","1":"product","2":"type-product","3":"status-publish","4":"has-post-thumbnail","6":"product_brand-koro","7":"product_cat-aluminyum-folyo","9":"first","10":"instock","11":"taxable","12":"shipping-taxable","13":"purchasable","14":"product-type-simple"},"yoast_head":"<!-- This site is optimized with the Yoast SEO plugin v27.2 - https:\/\/yoast.com\/product\/yoast-seo-wordpress\/ -->\n<title>Koroplast Al\u00fcminyum Folyo 15 Metre - Mesa Ticaret<\/title>\n<meta name=\"robots\" content=\"index, follow, max-snippet:-1, max-image-preview:large, max-video-preview:-1\" \/>\n<link rel=\"canonical\" href=\"https:\/\/mesaticaret.com\/index.php\/urun\/koroplast-aluminyum-folyo-15-metre-2\/\" \/>\n<meta property=\"og:locale\" content=\"tr_TR\" \/>\n<meta property=\"og:type\" content=\"article\" \/>\n<meta property=\"og:title\" content=\"Koroplast Al\u00fcminyum Folyo 15 Metre - Mesa Ticaret\" \/>\n<meta property=\"og:description\" content=\"Koroplast Al\u00fcminyum Folyo 15 Metre \u0130stenilen forma da sokulabildi\u011fi i\u00e7in \u00e7ok ama\u00e7l\u0131 bir kullan\u0131m sunar. G\u0131dalar\u0131n saklanmas\u0131nda hijyenik bir ortam sa\u011flayarak d\u0131\u015f ortamdan gelebilecek mikroplar\u0131nda g\u0131dan\u0131za bula\u015fmas\u0131na engel olur. Kapa\u011f\u0131 olmayan her boyutta kab\u0131n\u0131zda g\u00fcvenle yemek saklaman\u0131z i\u00e7in kapak g\u00f6revi g\u00f6r\u00fcr. Bu \u00fcr\u00fcnle pi\u015firme yap\u0131lmas\u0131, sa\u011fl\u0131k a\u00e7\u0131s\u0131ndan \u00f6nerilmez. T\u00fcm metalik ala\u015f\u0131mlar gibi al\u00fcminyum folyo da, [&hellip;]\" \/>\n<meta property=\"og:url\" content=\"https:\/\/mesaticaret.com\/index.php\/urun\/koroplast-aluminyum-folyo-15-metre-2\/\" \/>\n<meta property=\"og:site_name\" content=\"Mesa Ticaret\" \/>\n<meta property=\"article:publisher\" content=\"https:\/\/www.facebook.com\/profile.php?id=61565630218759\" \/>\n<meta property=\"article:modified_time\" content=\"2026-01-06T18:22:53+00:00\" \/>\n<meta name=\"twitter:card\" content=\"summary_large_image\" \/>\n<meta name=\"twitter:site\" content=\"@mehmetsatici\" \/>\n<meta name=\"twitter:label1\" content=\"Tahmini okuma s\u00fcresi\" \/>\n\t<meta name=\"twitter:data1\" content=\"1 dakika\" \/>\n<script type=\"application\/ld+json\" class=\"yoast-schema-graph\">{\"@context\":\"https:\/\/schema.org\",\"@graph\":[{\"@type\":\"WebPage\",\"@id\":\"https:\/\/mesaticaret.com\/index.php\/urun\/koroplast-aluminyum-folyo-15-metre-2\/\",\"url\":\"https:\/\/mesaticaret.com\/index.php\/urun\/koroplast-aluminyum-folyo-15-metre-2\/\",\"name\":\"Koroplast Al\u00fcminyum Folyo 15 Metre - Mesa Ticaret\",\"isPartOf\":{\"@id\":\"https:\/\/mesaticaret.com\/#website\"},\"primaryImageOfPage\":{\"@id\":\"https:\/\/mesaticaret.com\/index.php\/urun\/koroplast-aluminyum-folyo-15-metre-2\/#primaryimage\"},\"image\":{\"@id\":\"https:\/\/mesaticaret.com\/index.php\/urun\/koroplast-aluminyum-folyo-15-metre-2\/#primaryimage\"},\"thumbnailUrl\":\"https:\/\/mesaticaret.com\/wp-content\/uploads\/koroplast-c15.png\",\"datePublished\":\"2026-01-06T18:22:44+00:00\",\"dateModified\":\"2026-01-06T18:22:53+00:00\",\"breadcrumb\":{\"@id\":\"https:\/\/mesaticaret.com\/index.php\/urun\/koroplast-aluminyum-folyo-15-metre-2\/#breadcrumb\"},\"inLanguage\":\"tr\",\"potentialAction\":[{\"@type\":\"ReadAction\",\"target\":[\"https:\/\/mesaticaret.com\/index.php\/urun\/koroplast-aluminyum-folyo-15-metre-2\/\"]}]},{\"@type\":\"ImageObject\",\"inLanguage\":\"tr\",\"@id\":\"https:\/\/mesaticaret.com\/index.php\/urun\/koroplast-aluminyum-folyo-15-metre-2\/#primaryimage\",\"url\":\"https:\/\/mesaticaret.com\/wp-content\/uploads\/koroplast-c15.png\",\"contentUrl\":\"https:\/\/mesaticaret.com\/wp-content\/uploads\/koroplast-c15.png\",\"width\":600,\"height\":800},{\"@type\":\"BreadcrumbList\",\"@id\":\"https:\/\/mesaticaret.com\/index.php\/urun\/koroplast-aluminyum-folyo-15-metre-2\/#breadcrumb\",\"itemListElement\":[{\"@type\":\"ListItem\",\"position\":1,\"name\":\"Anasayfa\",\"item\":\"https:\/\/mesaticaret.com\/\"},{\"@type\":\"ListItem\",\"position\":2,\"name\":\"Ma\u011faza\",\"item\":\"https:\/\/mesaticaret.com\/\"},{\"@type\":\"ListItem\",\"position\":3,\"name\":\"Koroplast Al\u00fcminyum Folyo 15 Metre\"}]},{\"@type\":\"WebSite\",\"@id\":\"https:\/\/mesaticaret.com\/#website\",\"url\":\"https:\/\/mesaticaret.com\/\",\"name\":\"Mesa Ticaret\",\"description\":\"\u0130htiya\u00e7lar\u0131n\u0131 uygun fiyatla kar\u015f\u0131la\",\"publisher\":{\"@id\":\"https:\/\/mesaticaret.com\/#organization\"},\"potentialAction\":[{\"@type\":\"SearchAction\",\"target\":{\"@type\":\"EntryPoint\",\"urlTemplate\":\"https:\/\/mesaticaret.com\/?s={search_term_string}\"},\"query-input\":{\"@type\":\"PropertyValueSpecification\",\"valueRequired\":true,\"valueName\":\"search_term_string\"}}],\"inLanguage\":\"tr\"},{\"@type\":\"Organization\",\"@id\":\"https:\/\/mesaticaret.com\/#organization\",\"name\":\"Mesa Ticaret\",\"url\":\"https:\/\/mesaticaret.com\/\",\"logo\":{\"@type\":\"ImageObject\",\"inLanguage\":\"tr\",\"@id\":\"https:\/\/mesaticaret.com\/#\/schema\/logo\/image\/\",\"url\":\"https:\/\/i0.wp.com\/mesaticaret.com\/wp-content\/uploads\/2024\/09\/M-LOGO.png?fit=240%2C240&ssl=1\",\"contentUrl\":\"https:\/\/i0.wp.com\/mesaticaret.com\/wp-content\/uploads\/2024\/09\/M-LOGO.png?fit=240%2C240&ssl=1\",\"width\":240,\"height\":240,\"caption\":\"Mesa Ticaret\"},\"image\":{\"@id\":\"https:\/\/mesaticaret.com\/#\/schema\/logo\/image\/\"},\"sameAs\":[\"https:\/\/www.facebook.com\/profile.php?id=61565630218759\",\"https:\/\/x.com\/mehmetsatici\"]}]}<\/script>\n<!-- \/ Yoast SEO plugin. -->","yoast_head_json":{"title":"Koroplast Al\u00fcminyum Folyo 15 Metre - Mesa Ticaret","robots":{"index":"index","follow":"follow","max-snippet":"max-snippet:-1","max-image-preview":"max-image-preview:large","max-video-preview":"max-video-preview:-1"},"canonical":"https:\/\/mesaticaret.com\/index.php\/urun\/koroplast-aluminyum-folyo-15-metre-2\/","og_locale":"tr_TR","og_type":"article","og_title":"Koroplast Al\u00fcminyum Folyo 15 Metre - Mesa Ticaret","og_description":"Koroplast Al\u00fcminyum Folyo 15 Metre \u0130stenilen forma da sokulabildi\u011fi i\u00e7in \u00e7ok ama\u00e7l\u0131 bir kullan\u0131m sunar. G\u0131dalar\u0131n saklanmas\u0131nda hijyenik bir ortam sa\u011flayarak d\u0131\u015f ortamdan gelebilecek mikroplar\u0131nda g\u0131dan\u0131za bula\u015fmas\u0131na engel olur. Kapa\u011f\u0131 olmayan her boyutta kab\u0131n\u0131zda g\u00fcvenle yemek saklaman\u0131z i\u00e7in kapak g\u00f6revi g\u00f6r\u00fcr. Bu \u00fcr\u00fcnle pi\u015firme yap\u0131lmas\u0131, sa\u011fl\u0131k a\u00e7\u0131s\u0131ndan \u00f6nerilmez. T\u00fcm metalik ala\u015f\u0131mlar gibi al\u00fcminyum folyo da, [&hellip;]","og_url":"https:\/\/mesaticaret.com\/index.php\/urun\/koroplast-aluminyum-folyo-15-metre-2\/","og_site_name":"Mesa Ticaret","article_publisher":"https:\/\/www.facebook.com\/profile.php?id=61565630218759","article_modified_time":"2026-01-06T18:22:53+00:00","twitter_card":"summary_large_image","twitter_site":"@mehmetsatici","twitter_misc":{"Tahmini okuma s\u00fcresi":"1 dakika"},"schema":{"@context":"https:\/\/schema.org","@graph":[{"@type":"WebPage","@id":"https:\/\/mesaticaret.com\/index.php\/urun\/koroplast-aluminyum-folyo-15-metre-2\/","url":"https:\/\/mesaticaret.com\/index.php\/urun\/koroplast-aluminyum-folyo-15-metre-2\/","name":"Koroplast Al\u00fcminyum Folyo 15 Metre - Mesa Ticaret","isPartOf":{"@id":"https:\/\/mesaticaret.com\/#website"},"primaryImageOfPage":{"@id":"https:\/\/mesaticaret.com\/index.php\/urun\/koroplast-aluminyum-folyo-15-metre-2\/#primaryimage"},"image":{"@id":"https:\/\/mesaticaret.com\/index.php\/urun\/koroplast-aluminyum-folyo-15-metre-2\/#primaryimage"},"thumbnailUrl":"https:\/\/mesaticaret.com\/wp-content\/uploads\/koroplast-c15.png","datePublished":"2026-01-06T18:22:44+00:00","dateModified":"2026-01-06T18:22:53+00:00","breadcrumb":{"@id":"https:\/\/mesaticaret.com\/index.php\/urun\/koroplast-aluminyum-folyo-15-metre-2\/#breadcrumb"},"inLanguage":"tr","potentialAction":[{"@type":"ReadAction","target":["https:\/\/mesaticaret.com\/index.php\/urun\/koroplast-aluminyum-folyo-15-metre-2\/"]}]},{"@type":"ImageObject","inLanguage":"tr","@id":"https:\/\/mesaticaret.com\/index.php\/urun\/koroplast-aluminyum-folyo-15-metre-2\/#primaryimage","url":"https:\/\/mesaticaret.com\/wp-content\/uploads\/koroplast-c15.png","contentUrl":"https:\/\/mesaticaret.com\/wp-content\/uploads\/koroplast-c15.png","width":600,"height":800},{"@type":"BreadcrumbList","@id":"https:\/\/mesaticaret.com\/index.php\/urun\/koroplast-aluminyum-folyo-15-metre-2\/#breadcrumb","itemListElement":[{"@type":"ListItem","position":1,"name":"Anasayfa","item":"https:\/\/mesaticaret.com\/"},{"@type":"ListItem","position":2,"name":"Ma\u011faza","item":"https:\/\/mesaticaret.com\/"},{"@type":"ListItem","position":3,"name":"Koroplast Al\u00fcminyum Folyo 15 Metre"}]},{"@type":"WebSite","@id":"https:\/\/mesaticaret.com\/#website","url":"https:\/\/mesaticaret.com\/","name":"Mesa Ticaret","description":"\u0130htiya\u00e7lar\u0131n\u0131 uygun fiyatla kar\u015f\u0131la","publisher":{"@id":"https:\/\/mesaticaret.com\/#organization"},"potentialAction":[{"@type":"SearchAction","target":{"@type":"EntryPoint","urlTemplate":"https:\/\/mesaticaret.com\/?s={search_term_string}"},"query-input":{"@type":"PropertyValueSpecification","valueRequired":true,"valueName":"search_term_string"}}],"inLanguage":"tr"},{"@type":"Organization","@id":"https:\/\/mesaticaret.com\/#organization","name":"Mesa Ticaret","url":"https:\/\/mesaticaret.com\/","logo":{"@type":"ImageObject","inLanguage":"tr","@id":"https:\/\/mesaticaret.com\/#\/schema\/logo\/image\/","url":"https:\/\/i0.wp.com\/mesaticaret.com\/wp-content\/uploads\/2024\/09\/M-LOGO.png?fit=240%2C240&ssl=1","contentUrl":"https:\/\/i0.wp.com\/mesaticaret.com\/wp-content\/uploads\/2024\/09\/M-LOGO.png?fit=240%2C240&ssl=1","width":240,"height":240,"caption":"Mesa Ticaret"},"image":{"@id":"https:\/\/mesaticaret.com\/#\/schema\/logo\/image\/"},"sameAs":["https:\/\/www.facebook.com\/profile.php?id=61565630218759","https:\/\/x.com\/mehmetsatici"]}]}},"_links":{"self":[{"href":"https:\/\/mesaticaret.com\/index.php\/wp-json\/wp\/v2\/product\/3223","targetHints":{"allow":["GET"]}}],"collection":[{"href":"https:\/\/mesaticaret.com\/index.php\/wp-json\/wp\/v2\/product"}],"about":[{"href":"https:\/\/mesaticaret.com\/index.php\/wp-json\/wp\/v2\/types\/product"}],"replies":[{"embeddable":true,"href":"https:\/\/mesaticaret.com\/index.php\/wp-json\/wp\/v2\/comments?post=3223"}],"wp:featuredmedia":[{"embeddable":true,"href":"https:\/\/mesaticaret.com\/index.php\/wp-json\/wp\/v2\/media\/2253"}],"wp:attachment":[{"href":"https:\/\/mesaticaret.com\/index.php\/wp-json\/wp\/v2\/media?parent=3223"}],"wp:term":[{"taxonomy":"product_brand","embeddable":true,"href":"https:\/\/mesaticaret.com\/index.php\/wp-json\/wp\/v2\/product_brand?post=3223"},{"taxonomy":"product_cat","embeddable":true,"href":"https:\/\/mesaticaret.com\/index.php\/wp-json\/wp\/v2\/product_cat?post=3223"},{"taxonomy":"product_tag","embeddable":true,"href":"https:\/\/mesaticaret.com\/index.php\/wp-json\/wp\/v2\/product_tag?post=3223"}],"curies":[{"name":"wp","href":"https:\/\/api.w.org\/{rel}","templated":true}]}}