{"id":3194,"date":"2026-01-06T21:22:29","date_gmt":"2026-01-06T18:22:29","guid":{"rendered":"https:\/\/mesaticaret.com\/?post_type=product&#038;p=3194"},"modified":"2026-01-06T21:22:38","modified_gmt":"2026-01-06T18:22:38","slug":"cook-pisirme-kagidi-kesilmis-16li","status":"publish","type":"product","link":"https:\/\/mesaticaret.com\/index.php\/urun\/cook-pisirme-kagidi-kesilmis-16li\/","title":{"rendered":"Cook Pi\u015firme Ka\u011f\u0131d\u0131 Kesilmi\u015f 16&#8217;l\u0131"},"content":{"rendered":"<h3>Cook Pi\u015firme Ka\u011f\u0131d\u0131 Kesilmi\u015f 16&#8217;l\u0131<\/h3>\n<ul>\n<li>Halk aras\u0131nda \u201cya\u011fl\u0131 ka\u011f\u0131t\u201d olarak da ifade edilen pi\u015firme ka\u011f\u0131tlar\u0131n\u0131n \u00fcretiminde kesinlikle hi\u00e7bir hayvansal, sentetik veya bitkisel ya\u011f kullan\u0131lmaz.<\/li>\n<li>Ka\u011f\u0131ttaki kayganl\u0131k hissini veren malzeme, g\u0131dayla temas\u0131 tamamen sa\u011fl\u0131kl\u0131 olan silikonize malzemeden olu\u015fan form\u00fcl\u00fcd\u00fcr<\/li>\n<li>Su ge\u00e7irmez, ya\u011flama gerektirmez, g\u0131dalar\u0131n tepsiye yap\u0131\u015fmas\u0131n\u0131 \u00f6nler<\/li>\n<li><span class=\"a-list-item\">Tepsinizin temiz kalmas\u0131n\u0131 sa\u011flar, zamandan ve sudan tasarruf ederek mutlu bir hayata yer a\u00e7\u0131n.<\/span><\/li>\n<li>Ayr\u0131ca \u00e7elik tavada yapaca\u011f\u0131n\u0131z krep, b\u00f6rek, kek vb. yiyeceklerin alt\u0131na serece\u011finiz pi\u015firme ka\u011f\u0131d\u0131 yiyece\u011fin pi\u015firme kab\u0131na yap\u0131\u015fmas\u0131na engel olur.<\/li>\n<li><span class=\"a-list-item\">Tepsiden servise aktar\u0131m s\u0131ras\u0131nda, yiyeceklerin da\u011f\u0131lmas\u0131n\u0131 \u00f6nler<\/span><\/li>\n<li>Tost makinenize serece\u011finiz pi\u015firme ka\u011f\u0131d\u0131 ile tost makinesi \u0131zgaralar\u0131n\u0131 toplama derdinden kurtulmu\u015f olursunuz.<\/li>\n<li><span class=\"a-list-item\">Ambalaj \u00fczerinde belirtilen maksimum s\u0131cakl\u0131k derecesini (220\u00b0C) a\u015fmayacak \u015fekilde, pi\u015firme ve k\u0131zartma i\u015flemleri i\u00e7in kullan\u0131lmal\u0131d\u0131r<\/span><\/li>\n<li><span class=\"a-list-item\">Mikrodalga f\u0131r\u0131nda da kullan\u0131ma uygundur<\/span><\/li>\n<li>Amerikan servis ya da beslenme bezi olarak da kullanabilirsiniz.<\/li>\n<\/ul>\n","protected":false},"excerpt":{"rendered":"<p>Cook Pi\u015firme Ka\u011f\u0131d\u0131 Kesilmi\u015f 16&#8217;l\u0131 Halk aras\u0131nda \u201cya\u011fl\u0131 ka\u011f\u0131t\u201d olarak da ifade edilen pi\u015firme ka\u011f\u0131tlar\u0131n\u0131n \u00fcretiminde kesinlikle hi\u00e7bir hayvansal, sentetik veya bitkisel ya\u011f kullan\u0131lmaz. Ka\u011f\u0131ttaki kayganl\u0131k hissini veren malzeme, g\u0131dayla temas\u0131 tamamen sa\u011fl\u0131kl\u0131 olan silikonize malzemeden olu\u015fan form\u00fcl\u00fcd\u00fcr Su ge\u00e7irmez, ya\u011flama gerektirmez, g\u0131dalar\u0131n tepsiye yap\u0131\u015fmas\u0131n\u0131 \u00f6nler Tepsinizin temiz kalmas\u0131n\u0131 sa\u011flar, zamandan ve sudan tasarruf ederek [&hellip;]<\/p>\n","protected":false},"featured_media":2139,"comment_status":"open","ping_status":"closed","template":"","meta":[],"product_brand":[197],"product_cat":[53,138],"product_tag":[],"class_list":{"0":"post-3194","1":"product","2":"type-product","3":"status-publish","4":"has-post-thumbnail","6":"product_brand-cook","7":"product_cat-mutfak","8":"product_cat-pisirme-kagidi-torbasi","10":"first","11":"instock","12":"taxable","13":"shipping-taxable","14":"purchasable","15":"product-type-simple"},"yoast_head":"<!-- This site is optimized with the Yoast SEO plugin v27.2 - https:\/\/yoast.com\/product\/yoast-seo-wordpress\/ -->\n<title>Cook Pi\u015firme Ka\u011f\u0131d\u0131 Kesilmi\u015f 16&#039;l\u0131 - Mesa Ticaret<\/title>\n<meta name=\"robots\" content=\"index, follow, max-snippet:-1, max-image-preview:large, max-video-preview:-1\" \/>\n<link rel=\"canonical\" href=\"https:\/\/mesaticaret.com\/index.php\/urun\/cook-pisirme-kagidi-kesilmis-16li\/\" \/>\n<meta property=\"og:locale\" content=\"tr_TR\" \/>\n<meta property=\"og:type\" content=\"article\" \/>\n<meta property=\"og:title\" content=\"Cook Pi\u015firme Ka\u011f\u0131d\u0131 Kesilmi\u015f 16&#039;l\u0131 - Mesa Ticaret\" \/>\n<meta property=\"og:description\" content=\"Cook Pi\u015firme Ka\u011f\u0131d\u0131 Kesilmi\u015f 16&#8217;l\u0131 Halk aras\u0131nda \u201cya\u011fl\u0131 ka\u011f\u0131t\u201d olarak da ifade edilen pi\u015firme ka\u011f\u0131tlar\u0131n\u0131n \u00fcretiminde kesinlikle hi\u00e7bir hayvansal, sentetik veya bitkisel ya\u011f kullan\u0131lmaz. Ka\u011f\u0131ttaki kayganl\u0131k hissini veren malzeme, g\u0131dayla temas\u0131 tamamen sa\u011fl\u0131kl\u0131 olan silikonize malzemeden olu\u015fan form\u00fcl\u00fcd\u00fcr Su ge\u00e7irmez, ya\u011flama gerektirmez, g\u0131dalar\u0131n tepsiye yap\u0131\u015fmas\u0131n\u0131 \u00f6nler Tepsinizin temiz kalmas\u0131n\u0131 sa\u011flar, zamandan ve sudan tasarruf ederek [&hellip;]\" \/>\n<meta property=\"og:url\" content=\"https:\/\/mesaticaret.com\/index.php\/urun\/cook-pisirme-kagidi-kesilmis-16li\/\" \/>\n<meta property=\"og:site_name\" content=\"Mesa Ticaret\" \/>\n<meta property=\"article:publisher\" content=\"https:\/\/www.facebook.com\/profile.php?id=61565630218759\" \/>\n<meta property=\"article:modified_time\" content=\"2026-01-06T18:22:38+00:00\" \/>\n<meta name=\"twitter:card\" content=\"summary_large_image\" \/>\n<meta name=\"twitter:site\" content=\"@mehmetsatici\" \/>\n<meta name=\"twitter:label1\" content=\"Tahmini okuma s\u00fcresi\" \/>\n\t<meta name=\"twitter:data1\" content=\"1 dakika\" \/>\n<script type=\"application\/ld+json\" class=\"yoast-schema-graph\">{\"@context\":\"https:\/\/schema.org\",\"@graph\":[{\"@type\":\"WebPage\",\"@id\":\"https:\/\/mesaticaret.com\/index.php\/urun\/cook-pisirme-kagidi-kesilmis-16li\/\",\"url\":\"https:\/\/mesaticaret.com\/index.php\/urun\/cook-pisirme-kagidi-kesilmis-16li\/\",\"name\":\"Cook Pi\u015firme Ka\u011f\u0131d\u0131 Kesilmi\u015f 16'l\u0131 - Mesa Ticaret\",\"isPartOf\":{\"@id\":\"https:\/\/mesaticaret.com\/#website\"},\"primaryImageOfPage\":{\"@id\":\"https:\/\/mesaticaret.com\/index.php\/urun\/cook-pisirme-kagidi-kesilmis-16li\/#primaryimage\"},\"image\":{\"@id\":\"https:\/\/mesaticaret.com\/index.php\/urun\/cook-pisirme-kagidi-kesilmis-16li\/#primaryimage\"},\"thumbnailUrl\":\"https:\/\/mesaticaret.com\/wp-content\/uploads\/cook-c1.png\",\"datePublished\":\"2026-01-06T18:22:29+00:00\",\"dateModified\":\"2026-01-06T18:22:38+00:00\",\"breadcrumb\":{\"@id\":\"https:\/\/mesaticaret.com\/index.php\/urun\/cook-pisirme-kagidi-kesilmis-16li\/#breadcrumb\"},\"inLanguage\":\"tr\",\"potentialAction\":[{\"@type\":\"ReadAction\",\"target\":[\"https:\/\/mesaticaret.com\/index.php\/urun\/cook-pisirme-kagidi-kesilmis-16li\/\"]}]},{\"@type\":\"ImageObject\",\"inLanguage\":\"tr\",\"@id\":\"https:\/\/mesaticaret.com\/index.php\/urun\/cook-pisirme-kagidi-kesilmis-16li\/#primaryimage\",\"url\":\"https:\/\/mesaticaret.com\/wp-content\/uploads\/cook-c1.png\",\"contentUrl\":\"https:\/\/mesaticaret.com\/wp-content\/uploads\/cook-c1.png\",\"width\":600,\"height\":800},{\"@type\":\"BreadcrumbList\",\"@id\":\"https:\/\/mesaticaret.com\/index.php\/urun\/cook-pisirme-kagidi-kesilmis-16li\/#breadcrumb\",\"itemListElement\":[{\"@type\":\"ListItem\",\"position\":1,\"name\":\"Anasayfa\",\"item\":\"https:\/\/mesaticaret.com\/\"},{\"@type\":\"ListItem\",\"position\":2,\"name\":\"Ma\u011faza\",\"item\":\"https:\/\/mesaticaret.com\/\"},{\"@type\":\"ListItem\",\"position\":3,\"name\":\"Cook Pi\u015firme Ka\u011f\u0131d\u0131 Kesilmi\u015f 16&#8217;l\u0131\"}]},{\"@type\":\"WebSite\",\"@id\":\"https:\/\/mesaticaret.com\/#website\",\"url\":\"https:\/\/mesaticaret.com\/\",\"name\":\"Mesa Ticaret\",\"description\":\"\u0130htiya\u00e7lar\u0131n\u0131 uygun fiyatla kar\u015f\u0131la\",\"publisher\":{\"@id\":\"https:\/\/mesaticaret.com\/#organization\"},\"potentialAction\":[{\"@type\":\"SearchAction\",\"target\":{\"@type\":\"EntryPoint\",\"urlTemplate\":\"https:\/\/mesaticaret.com\/?s={search_term_string}\"},\"query-input\":{\"@type\":\"PropertyValueSpecification\",\"valueRequired\":true,\"valueName\":\"search_term_string\"}}],\"inLanguage\":\"tr\"},{\"@type\":\"Organization\",\"@id\":\"https:\/\/mesaticaret.com\/#organization\",\"name\":\"Mesa Ticaret\",\"url\":\"https:\/\/mesaticaret.com\/\",\"logo\":{\"@type\":\"ImageObject\",\"inLanguage\":\"tr\",\"@id\":\"https:\/\/mesaticaret.com\/#\/schema\/logo\/image\/\",\"url\":\"https:\/\/i0.wp.com\/mesaticaret.com\/wp-content\/uploads\/2024\/09\/M-LOGO.png?fit=240%2C240&ssl=1\",\"contentUrl\":\"https:\/\/i0.wp.com\/mesaticaret.com\/wp-content\/uploads\/2024\/09\/M-LOGO.png?fit=240%2C240&ssl=1\",\"width\":240,\"height\":240,\"caption\":\"Mesa Ticaret\"},\"image\":{\"@id\":\"https:\/\/mesaticaret.com\/#\/schema\/logo\/image\/\"},\"sameAs\":[\"https:\/\/www.facebook.com\/profile.php?id=61565630218759\",\"https:\/\/x.com\/mehmetsatici\"]}]}<\/script>\n<!-- \/ Yoast SEO plugin. -->","yoast_head_json":{"title":"Cook Pi\u015firme Ka\u011f\u0131d\u0131 Kesilmi\u015f 16'l\u0131 - Mesa Ticaret","robots":{"index":"index","follow":"follow","max-snippet":"max-snippet:-1","max-image-preview":"max-image-preview:large","max-video-preview":"max-video-preview:-1"},"canonical":"https:\/\/mesaticaret.com\/index.php\/urun\/cook-pisirme-kagidi-kesilmis-16li\/","og_locale":"tr_TR","og_type":"article","og_title":"Cook Pi\u015firme Ka\u011f\u0131d\u0131 Kesilmi\u015f 16'l\u0131 - Mesa Ticaret","og_description":"Cook Pi\u015firme Ka\u011f\u0131d\u0131 Kesilmi\u015f 16&#8217;l\u0131 Halk aras\u0131nda \u201cya\u011fl\u0131 ka\u011f\u0131t\u201d olarak da ifade edilen pi\u015firme ka\u011f\u0131tlar\u0131n\u0131n \u00fcretiminde kesinlikle hi\u00e7bir hayvansal, sentetik veya bitkisel ya\u011f kullan\u0131lmaz. Ka\u011f\u0131ttaki kayganl\u0131k hissini veren malzeme, g\u0131dayla temas\u0131 tamamen sa\u011fl\u0131kl\u0131 olan silikonize malzemeden olu\u015fan form\u00fcl\u00fcd\u00fcr Su ge\u00e7irmez, ya\u011flama gerektirmez, g\u0131dalar\u0131n tepsiye yap\u0131\u015fmas\u0131n\u0131 \u00f6nler Tepsinizin temiz kalmas\u0131n\u0131 sa\u011flar, zamandan ve sudan tasarruf ederek [&hellip;]","og_url":"https:\/\/mesaticaret.com\/index.php\/urun\/cook-pisirme-kagidi-kesilmis-16li\/","og_site_name":"Mesa Ticaret","article_publisher":"https:\/\/www.facebook.com\/profile.php?id=61565630218759","article_modified_time":"2026-01-06T18:22:38+00:00","twitter_card":"summary_large_image","twitter_site":"@mehmetsatici","twitter_misc":{"Tahmini okuma s\u00fcresi":"1 dakika"},"schema":{"@context":"https:\/\/schema.org","@graph":[{"@type":"WebPage","@id":"https:\/\/mesaticaret.com\/index.php\/urun\/cook-pisirme-kagidi-kesilmis-16li\/","url":"https:\/\/mesaticaret.com\/index.php\/urun\/cook-pisirme-kagidi-kesilmis-16li\/","name":"Cook Pi\u015firme Ka\u011f\u0131d\u0131 Kesilmi\u015f 16'l\u0131 - Mesa Ticaret","isPartOf":{"@id":"https:\/\/mesaticaret.com\/#website"},"primaryImageOfPage":{"@id":"https:\/\/mesaticaret.com\/index.php\/urun\/cook-pisirme-kagidi-kesilmis-16li\/#primaryimage"},"image":{"@id":"https:\/\/mesaticaret.com\/index.php\/urun\/cook-pisirme-kagidi-kesilmis-16li\/#primaryimage"},"thumbnailUrl":"https:\/\/mesaticaret.com\/wp-content\/uploads\/cook-c1.png","datePublished":"2026-01-06T18:22:29+00:00","dateModified":"2026-01-06T18:22:38+00:00","breadcrumb":{"@id":"https:\/\/mesaticaret.com\/index.php\/urun\/cook-pisirme-kagidi-kesilmis-16li\/#breadcrumb"},"inLanguage":"tr","potentialAction":[{"@type":"ReadAction","target":["https:\/\/mesaticaret.com\/index.php\/urun\/cook-pisirme-kagidi-kesilmis-16li\/"]}]},{"@type":"ImageObject","inLanguage":"tr","@id":"https:\/\/mesaticaret.com\/index.php\/urun\/cook-pisirme-kagidi-kesilmis-16li\/#primaryimage","url":"https:\/\/mesaticaret.com\/wp-content\/uploads\/cook-c1.png","contentUrl":"https:\/\/mesaticaret.com\/wp-content\/uploads\/cook-c1.png","width":600,"height":800},{"@type":"BreadcrumbList","@id":"https:\/\/mesaticaret.com\/index.php\/urun\/cook-pisirme-kagidi-kesilmis-16li\/#breadcrumb","itemListElement":[{"@type":"ListItem","position":1,"name":"Anasayfa","item":"https:\/\/mesaticaret.com\/"},{"@type":"ListItem","position":2,"name":"Ma\u011faza","item":"https:\/\/mesaticaret.com\/"},{"@type":"ListItem","position":3,"name":"Cook Pi\u015firme Ka\u011f\u0131d\u0131 Kesilmi\u015f 16&#8217;l\u0131"}]},{"@type":"WebSite","@id":"https:\/\/mesaticaret.com\/#website","url":"https:\/\/mesaticaret.com\/","name":"Mesa Ticaret","description":"\u0130htiya\u00e7lar\u0131n\u0131 uygun fiyatla kar\u015f\u0131la","publisher":{"@id":"https:\/\/mesaticaret.com\/#organization"},"potentialAction":[{"@type":"SearchAction","target":{"@type":"EntryPoint","urlTemplate":"https:\/\/mesaticaret.com\/?s={search_term_string}"},"query-input":{"@type":"PropertyValueSpecification","valueRequired":true,"valueName":"search_term_string"}}],"inLanguage":"tr"},{"@type":"Organization","@id":"https:\/\/mesaticaret.com\/#organization","name":"Mesa Ticaret","url":"https:\/\/mesaticaret.com\/","logo":{"@type":"ImageObject","inLanguage":"tr","@id":"https:\/\/mesaticaret.com\/#\/schema\/logo\/image\/","url":"https:\/\/i0.wp.com\/mesaticaret.com\/wp-content\/uploads\/2024\/09\/M-LOGO.png?fit=240%2C240&ssl=1","contentUrl":"https:\/\/i0.wp.com\/mesaticaret.com\/wp-content\/uploads\/2024\/09\/M-LOGO.png?fit=240%2C240&ssl=1","width":240,"height":240,"caption":"Mesa Ticaret"},"image":{"@id":"https:\/\/mesaticaret.com\/#\/schema\/logo\/image\/"},"sameAs":["https:\/\/www.facebook.com\/profile.php?id=61565630218759","https:\/\/x.com\/mehmetsatici"]}]}},"_links":{"self":[{"href":"https:\/\/mesaticaret.com\/index.php\/wp-json\/wp\/v2\/product\/3194","targetHints":{"allow":["GET"]}}],"collection":[{"href":"https:\/\/mesaticaret.com\/index.php\/wp-json\/wp\/v2\/product"}],"about":[{"href":"https:\/\/mesaticaret.com\/index.php\/wp-json\/wp\/v2\/types\/product"}],"replies":[{"embeddable":true,"href":"https:\/\/mesaticaret.com\/index.php\/wp-json\/wp\/v2\/comments?post=3194"}],"wp:featuredmedia":[{"embeddable":true,"href":"https:\/\/mesaticaret.com\/index.php\/wp-json\/wp\/v2\/media\/2139"}],"wp:attachment":[{"href":"https:\/\/mesaticaret.com\/index.php\/wp-json\/wp\/v2\/media?parent=3194"}],"wp:term":[{"taxonomy":"product_brand","embeddable":true,"href":"https:\/\/mesaticaret.com\/index.php\/wp-json\/wp\/v2\/product_brand?post=3194"},{"taxonomy":"product_cat","embeddable":true,"href":"https:\/\/mesaticaret.com\/index.php\/wp-json\/wp\/v2\/product_cat?post=3194"},{"taxonomy":"product_tag","embeddable":true,"href":"https:\/\/mesaticaret.com\/index.php\/wp-json\/wp\/v2\/product_tag?post=3194"}],"curies":[{"name":"wp","href":"https:\/\/api.w.org\/{rel}","templated":true}]}}