{"id":3192,"date":"2026-01-06T21:22:29","date_gmt":"2026-01-06T18:22:29","guid":{"rendered":"https:\/\/mesaticaret.com\/?post_type=product&#038;p=3192"},"modified":"2026-01-06T21:22:38","modified_gmt":"2026-01-06T18:22:38","slug":"cook-kesimli-strec-film-30-cm-x-50-m","status":"publish","type":"product","link":"https:\/\/mesaticaret.com\/index.php\/urun\/cook-kesimli-strec-film-30-cm-x-50-m\/","title":{"rendered":"Cook Kesimli Stre\u00e7 Film 30 cm x 50 m"},"content":{"rendered":"","protected":false},"excerpt":{"rendered":"","protected":false},"featured_media":2408,"comment_status":"open","ping_status":"closed","template":"","meta":[],"product_brand":[197],"product_cat":[53,151],"product_tag":[],"class_list":{"0":"post-3192","1":"product","2":"type-product","3":"status-publish","4":"has-post-thumbnail","6":"product_brand-cook","7":"product_cat-mutfak","8":"product_cat-strec-film","10":"first","11":"instock","12":"taxable","13":"shipping-taxable","14":"purchasable","15":"product-type-simple"},"yoast_head":"<!-- This site is optimized with the Yoast SEO plugin v27.2 - https:\/\/yoast.com\/product\/yoast-seo-wordpress\/ -->\n<title>Cook Kesimli Stre\u00e7 Film 30 cm x 50 m - Mesa Ticaret<\/title>\n<meta name=\"robots\" content=\"index, follow, max-snippet:-1, max-image-preview:large, max-video-preview:-1\" \/>\n<link rel=\"canonical\" href=\"https:\/\/mesaticaret.com\/index.php\/urun\/cook-kesimli-strec-film-30-cm-x-50-m\/\" \/>\n<meta property=\"og:locale\" content=\"tr_TR\" \/>\n<meta property=\"og:type\" content=\"article\" \/>\n<meta property=\"og:title\" content=\"Cook Kesimli Stre\u00e7 Film 30 cm x 50 m - Mesa Ticaret\" \/>\n<meta property=\"og:url\" content=\"https:\/\/mesaticaret.com\/index.php\/urun\/cook-kesimli-strec-film-30-cm-x-50-m\/\" \/>\n<meta property=\"og:site_name\" content=\"Mesa Ticaret\" \/>\n<meta property=\"article:publisher\" content=\"https:\/\/www.facebook.com\/profile.php?id=61565630218759\" \/>\n<meta property=\"article:modified_time\" content=\"2026-01-06T18:22:38+00:00\" \/>\n<meta name=\"twitter:card\" content=\"summary_large_image\" \/>\n<meta name=\"twitter:site\" content=\"@mehmetsatici\" \/>\n<script type=\"application\/ld+json\" class=\"yoast-schema-graph\">{\"@context\":\"https:\/\/schema.org\",\"@graph\":[{\"@type\":\"WebPage\",\"@id\":\"https:\/\/mesaticaret.com\/index.php\/urun\/cook-kesimli-strec-film-30-cm-x-50-m\/\",\"url\":\"https:\/\/mesaticaret.com\/index.php\/urun\/cook-kesimli-strec-film-30-cm-x-50-m\/\",\"name\":\"Cook Kesimli Stre\u00e7 Film 30 cm x 50 m - Mesa Ticaret\",\"isPartOf\":{\"@id\":\"https:\/\/mesaticaret.com\/#website\"},\"primaryImageOfPage\":{\"@id\":\"https:\/\/mesaticaret.com\/index.php\/urun\/cook-kesimli-strec-film-30-cm-x-50-m\/#primaryimage\"},\"image\":{\"@id\":\"https:\/\/mesaticaret.com\/index.php\/urun\/cook-kesimli-strec-film-30-cm-x-50-m\/#primaryimage\"},\"thumbnailUrl\":\"https:\/\/mesaticaret.com\/wp-content\/uploads\/strecfilm-50m-1.webp\",\"datePublished\":\"2026-01-06T18:22:29+00:00\",\"dateModified\":\"2026-01-06T18:22:38+00:00\",\"breadcrumb\":{\"@id\":\"https:\/\/mesaticaret.com\/index.php\/urun\/cook-kesimli-strec-film-30-cm-x-50-m\/#breadcrumb\"},\"inLanguage\":\"tr\",\"potentialAction\":[{\"@type\":\"ReadAction\",\"target\":[\"https:\/\/mesaticaret.com\/index.php\/urun\/cook-kesimli-strec-film-30-cm-x-50-m\/\"]}]},{\"@type\":\"ImageObject\",\"inLanguage\":\"tr\",\"@id\":\"https:\/\/mesaticaret.com\/index.php\/urun\/cook-kesimli-strec-film-30-cm-x-50-m\/#primaryimage\",\"url\":\"https:\/\/mesaticaret.com\/wp-content\/uploads\/strecfilm-50m-1.webp\",\"contentUrl\":\"https:\/\/mesaticaret.com\/wp-content\/uploads\/strecfilm-50m-1.webp\",\"width\":1296,\"height\":1296},{\"@type\":\"BreadcrumbList\",\"@id\":\"https:\/\/mesaticaret.com\/index.php\/urun\/cook-kesimli-strec-film-30-cm-x-50-m\/#breadcrumb\",\"itemListElement\":[{\"@type\":\"ListItem\",\"position\":1,\"name\":\"Anasayfa\",\"item\":\"https:\/\/mesaticaret.com\/\"},{\"@type\":\"ListItem\",\"position\":2,\"name\":\"Ma\u011faza\",\"item\":\"https:\/\/mesaticaret.com\/\"},{\"@type\":\"ListItem\",\"position\":3,\"name\":\"Cook Kesimli Stre\u00e7 Film 30 cm x 50 m\"}]},{\"@type\":\"WebSite\",\"@id\":\"https:\/\/mesaticaret.com\/#website\",\"url\":\"https:\/\/mesaticaret.com\/\",\"name\":\"Mesa Ticaret\",\"description\":\"\u0130htiya\u00e7lar\u0131n\u0131 uygun fiyatla kar\u015f\u0131la\",\"publisher\":{\"@id\":\"https:\/\/mesaticaret.com\/#organization\"},\"potentialAction\":[{\"@type\":\"SearchAction\",\"target\":{\"@type\":\"EntryPoint\",\"urlTemplate\":\"https:\/\/mesaticaret.com\/?s={search_term_string}\"},\"query-input\":{\"@type\":\"PropertyValueSpecification\",\"valueRequired\":true,\"valueName\":\"search_term_string\"}}],\"inLanguage\":\"tr\"},{\"@type\":\"Organization\",\"@id\":\"https:\/\/mesaticaret.com\/#organization\",\"name\":\"Mesa Ticaret\",\"url\":\"https:\/\/mesaticaret.com\/\",\"logo\":{\"@type\":\"ImageObject\",\"inLanguage\":\"tr\",\"@id\":\"https:\/\/mesaticaret.com\/#\/schema\/logo\/image\/\",\"url\":\"https:\/\/i0.wp.com\/mesaticaret.com\/wp-content\/uploads\/2024\/09\/M-LOGO.png?fit=240%2C240&ssl=1\",\"contentUrl\":\"https:\/\/i0.wp.com\/mesaticaret.com\/wp-content\/uploads\/2024\/09\/M-LOGO.png?fit=240%2C240&ssl=1\",\"width\":240,\"height\":240,\"caption\":\"Mesa Ticaret\"},\"image\":{\"@id\":\"https:\/\/mesaticaret.com\/#\/schema\/logo\/image\/\"},\"sameAs\":[\"https:\/\/www.facebook.com\/profile.php?id=61565630218759\",\"https:\/\/x.com\/mehmetsatici\"]}]}<\/script>\n<!-- \/ Yoast SEO plugin. -->","yoast_head_json":{"title":"Cook Kesimli Stre\u00e7 Film 30 cm x 50 m - Mesa Ticaret","robots":{"index":"index","follow":"follow","max-snippet":"max-snippet:-1","max-image-preview":"max-image-preview:large","max-video-preview":"max-video-preview:-1"},"canonical":"https:\/\/mesaticaret.com\/index.php\/urun\/cook-kesimli-strec-film-30-cm-x-50-m\/","og_locale":"tr_TR","og_type":"article","og_title":"Cook Kesimli Stre\u00e7 Film 30 cm x 50 m - Mesa Ticaret","og_url":"https:\/\/mesaticaret.com\/index.php\/urun\/cook-kesimli-strec-film-30-cm-x-50-m\/","og_site_name":"Mesa Ticaret","article_publisher":"https:\/\/www.facebook.com\/profile.php?id=61565630218759","article_modified_time":"2026-01-06T18:22:38+00:00","twitter_card":"summary_large_image","twitter_site":"@mehmetsatici","schema":{"@context":"https:\/\/schema.org","@graph":[{"@type":"WebPage","@id":"https:\/\/mesaticaret.com\/index.php\/urun\/cook-kesimli-strec-film-30-cm-x-50-m\/","url":"https:\/\/mesaticaret.com\/index.php\/urun\/cook-kesimli-strec-film-30-cm-x-50-m\/","name":"Cook Kesimli Stre\u00e7 Film 30 cm x 50 m - Mesa Ticaret","isPartOf":{"@id":"https:\/\/mesaticaret.com\/#website"},"primaryImageOfPage":{"@id":"https:\/\/mesaticaret.com\/index.php\/urun\/cook-kesimli-strec-film-30-cm-x-50-m\/#primaryimage"},"image":{"@id":"https:\/\/mesaticaret.com\/index.php\/urun\/cook-kesimli-strec-film-30-cm-x-50-m\/#primaryimage"},"thumbnailUrl":"https:\/\/mesaticaret.com\/wp-content\/uploads\/strecfilm-50m-1.webp","datePublished":"2026-01-06T18:22:29+00:00","dateModified":"2026-01-06T18:22:38+00:00","breadcrumb":{"@id":"https:\/\/mesaticaret.com\/index.php\/urun\/cook-kesimli-strec-film-30-cm-x-50-m\/#breadcrumb"},"inLanguage":"tr","potentialAction":[{"@type":"ReadAction","target":["https:\/\/mesaticaret.com\/index.php\/urun\/cook-kesimli-strec-film-30-cm-x-50-m\/"]}]},{"@type":"ImageObject","inLanguage":"tr","@id":"https:\/\/mesaticaret.com\/index.php\/urun\/cook-kesimli-strec-film-30-cm-x-50-m\/#primaryimage","url":"https:\/\/mesaticaret.com\/wp-content\/uploads\/strecfilm-50m-1.webp","contentUrl":"https:\/\/mesaticaret.com\/wp-content\/uploads\/strecfilm-50m-1.webp","width":1296,"height":1296},{"@type":"BreadcrumbList","@id":"https:\/\/mesaticaret.com\/index.php\/urun\/cook-kesimli-strec-film-30-cm-x-50-m\/#breadcrumb","itemListElement":[{"@type":"ListItem","position":1,"name":"Anasayfa","item":"https:\/\/mesaticaret.com\/"},{"@type":"ListItem","position":2,"name":"Ma\u011faza","item":"https:\/\/mesaticaret.com\/"},{"@type":"ListItem","position":3,"name":"Cook Kesimli Stre\u00e7 Film 30 cm x 50 m"}]},{"@type":"WebSite","@id":"https:\/\/mesaticaret.com\/#website","url":"https:\/\/mesaticaret.com\/","name":"Mesa Ticaret","description":"\u0130htiya\u00e7lar\u0131n\u0131 uygun fiyatla kar\u015f\u0131la","publisher":{"@id":"https:\/\/mesaticaret.com\/#organization"},"potentialAction":[{"@type":"SearchAction","target":{"@type":"EntryPoint","urlTemplate":"https:\/\/mesaticaret.com\/?s={search_term_string}"},"query-input":{"@type":"PropertyValueSpecification","valueRequired":true,"valueName":"search_term_string"}}],"inLanguage":"tr"},{"@type":"Organization","@id":"https:\/\/mesaticaret.com\/#organization","name":"Mesa Ticaret","url":"https:\/\/mesaticaret.com\/","logo":{"@type":"ImageObject","inLanguage":"tr","@id":"https:\/\/mesaticaret.com\/#\/schema\/logo\/image\/","url":"https:\/\/i0.wp.com\/mesaticaret.com\/wp-content\/uploads\/2024\/09\/M-LOGO.png?fit=240%2C240&ssl=1","contentUrl":"https:\/\/i0.wp.com\/mesaticaret.com\/wp-content\/uploads\/2024\/09\/M-LOGO.png?fit=240%2C240&ssl=1","width":240,"height":240,"caption":"Mesa Ticaret"},"image":{"@id":"https:\/\/mesaticaret.com\/#\/schema\/logo\/image\/"},"sameAs":["https:\/\/www.facebook.com\/profile.php?id=61565630218759","https:\/\/x.com\/mehmetsatici"]}]}},"_links":{"self":[{"href":"https:\/\/mesaticaret.com\/index.php\/wp-json\/wp\/v2\/product\/3192","targetHints":{"allow":["GET"]}}],"collection":[{"href":"https:\/\/mesaticaret.com\/index.php\/wp-json\/wp\/v2\/product"}],"about":[{"href":"https:\/\/mesaticaret.com\/index.php\/wp-json\/wp\/v2\/types\/product"}],"replies":[{"embeddable":true,"href":"https:\/\/mesaticaret.com\/index.php\/wp-json\/wp\/v2\/comments?post=3192"}],"wp:featuredmedia":[{"embeddable":true,"href":"https:\/\/mesaticaret.com\/index.php\/wp-json\/wp\/v2\/media\/2408"}],"wp:attachment":[{"href":"https:\/\/mesaticaret.com\/index.php\/wp-json\/wp\/v2\/media?parent=3192"}],"wp:term":[{"taxonomy":"product_brand","embeddable":true,"href":"https:\/\/mesaticaret.com\/index.php\/wp-json\/wp\/v2\/product_brand?post=3192"},{"taxonomy":"product_cat","embeddable":true,"href":"https:\/\/mesaticaret.com\/index.php\/wp-json\/wp\/v2\/product_cat?post=3192"},{"taxonomy":"product_tag","embeddable":true,"href":"https:\/\/mesaticaret.com\/index.php\/wp-json\/wp\/v2\/product_tag?post=3192"}],"curies":[{"name":"wp","href":"https:\/\/api.w.org\/{rel}","templated":true}]}}