{"id":983,"date":"2024-09-10T04:06:13","date_gmt":"2024-09-10T01:06:13","guid":{"rendered":"https:\/\/mesaticaret.com\/?page_id=983"},"modified":"2024-11-07T03:28:46","modified_gmt":"2024-11-07T00:28:46","slug":"banka-hesap-bilgileri","status":"publish","type":"page","link":"https:\/\/mesaticaret.com\/index.php\/banka-hesap-bilgileri\/","title":{"rendered":"Banka Hesap Bilgileri"},"content":{"rendered":"\n<div class=\"wp-block-group is-nowrap is-layout-flex wp-container-core-group-is-layout-6c531013 wp-block-group-is-layout-flex\">\n<figure class=\"wp-block-image size-full is-resized\"><img decoding=\"async\" width=\"300\" height=\"90\" src=\"https:\/\/mesaticaret.com\/wp-content\/uploads\/qnb-finansbank-logo.png\" alt=\"\" class=\"wp-image-2262\" style=\"width:154px;height:auto\"\/><\/figure>\n\n\n\n<p><strong><span style=\"color: var(--theme-palette-color-4, #111518);\" class=\"stk-highlight\">\u0130sim :  Mehmet SATICI<br>IBAN: <\/span>TR28 0011 1000 0000 0145 6566 59<\/strong><\/p>\n<\/div>\n\n\n\n<div class=\"wp-block-group is-nowrap is-layout-flex wp-container-core-group-is-layout-6c531013 wp-block-group-is-layout-flex\">\n<figure class=\"wp-block-image size-full is-resized\"><img decoding=\"async\" src=\"https:\/\/mesaticaret.com\/wp-content\/uploads\/2024\/09\/logo-1.svg\" alt=\"\" class=\"wp-image-999\" style=\"width:156px;height:auto\"\/><\/figure>\n\n\n\n<p><strong><span style=\"color: var(--theme-palette-color-4, #111518);\" class=\"stk-highlight\">\u0130sim :  Mehmet SATICI<br>IBAN: TR88 0001 5001 5800 7335 3154 80<\/span><\/strong><\/p>\n<\/div>\n\n\n\n<p><span style=\"color: var(--theme-palette-color-4, #111518);\" class=\"stk-highlight\">Yukar\u0131daki bilgiler \u00fczerinden \u00f6demelerinizi ger\u00e7ekle\u015ftirebilirsiniz.<\/span><\/p>\n\n\n\n<h4 class=\"wp-block-heading\"><strong>Avrupa<\/strong>&#8216;dan Para Transferi<\/h4>\n\n\n\n<p><strong>Avrupa Banka Hesap Bilgileri<\/strong><br><br>Al\u0131c\u0131 Ad\u0131 Soyad\u0131: MEHMET SATICI<br>IBAN: GB79 CLJU 0413 0766 6181 81<br>Banka Ad\u0131 : Clear Junction Limited<br><br>BIC Kodu: CLJUGB21XXX<br>Sort Kod: 0413 07<br>Hesap No: 66 6181 81<br>\u00dclke\/B\u00f6lge: \u0130ngiltere<\/p>\n\n\n\n<p><\/p>\n","protected":false},"excerpt":{"rendered":"<p>\u0130sim : Mehmet SATICIIBAN: TR28 0011 1000 0000 0145 6566 59 \u0130sim : Mehmet SATICIIBAN: TR88 0001 5001 5800 7335 3154 80 Yukar\u0131daki bilgiler \u00fczerinden \u00f6demelerinizi ger\u00e7ekle\u015ftirebilirsiniz. Avrupa&#8216;dan Para Transferi Avrupa Banka Hesap Bilgileri Al\u0131c\u0131 Ad\u0131 Soyad\u0131: MEHMET SATICIIBAN: GB79 CLJU 0413 0766 6181 81Banka Ad\u0131 : Clear Junction Limited BIC Kodu: CLJUGB21XXXSort Kod: 0413 [&hellip;]<\/p>\n","protected":false},"author":4,"featured_media":0,"parent":0,"menu_order":0,"comment_status":"closed","ping_status":"closed","template":"","meta":{"footnotes":""},"class_list":["post-983","page","type-page","status-publish","hentry"],"blocksy_meta":[],"yoast_head":"<!-- This site is optimized with the Yoast SEO plugin v27.2 - https:\/\/yoast.com\/product\/yoast-seo-wordpress\/ -->\n<title>Banka Hesap Bilgileri - Mesa Ticaret<\/title>\n<meta name=\"robots\" content=\"index, follow, max-snippet:-1, max-image-preview:large, max-video-preview:-1\" \/>\n<link rel=\"canonical\" href=\"https:\/\/mesaticaret.com\/index.php\/banka-hesap-bilgileri\/\" \/>\n<meta property=\"og:locale\" content=\"tr_TR\" \/>\n<meta property=\"og:type\" content=\"article\" \/>\n<meta property=\"og:title\" content=\"Banka Hesap Bilgileri - Mesa Ticaret\" \/>\n<meta property=\"og:description\" content=\"\u0130sim : Mehmet SATICIIBAN: TR28 0011 1000 0000 0145 6566 59 \u0130sim : Mehmet SATICIIBAN: TR88 0001 5001 5800 7335 3154 80 Yukar\u0131daki bilgiler \u00fczerinden \u00f6demelerinizi ger\u00e7ekle\u015ftirebilirsiniz. Avrupa&#8216;dan Para Transferi Avrupa Banka Hesap Bilgileri Al\u0131c\u0131 Ad\u0131 Soyad\u0131: MEHMET SATICIIBAN: GB79 CLJU 0413 0766 6181 81Banka Ad\u0131 : Clear Junction Limited BIC Kodu: CLJUGB21XXXSort Kod: 0413 [&hellip;]\" \/>\n<meta property=\"og:url\" content=\"https:\/\/mesaticaret.com\/index.php\/banka-hesap-bilgileri\/\" \/>\n<meta property=\"og:site_name\" content=\"Mesa Ticaret\" \/>\n<meta property=\"article:publisher\" content=\"https:\/\/www.facebook.com\/profile.php?id=61565630218759\" \/>\n<meta property=\"article:modified_time\" content=\"2024-11-07T00:28:46+00:00\" \/>\n<meta property=\"og:image\" content=\"https:\/\/mesaticaret.com\/wp-content\/uploads\/qnb-finansbank-logo.png\" \/>\n<meta name=\"twitter:card\" content=\"summary_large_image\" \/>\n<meta name=\"twitter:site\" content=\"@mehmetsatici\" \/>\n<meta name=\"twitter:label1\" content=\"Tahmini okuma s\u00fcresi\" \/>\n\t<meta name=\"twitter:data1\" content=\"1 dakika\" \/>\n<script type=\"application\/ld+json\" class=\"yoast-schema-graph\">{\"@context\":\"https:\/\/schema.org\",\"@graph\":[{\"@type\":\"WebPage\",\"@id\":\"https:\/\/mesaticaret.com\/index.php\/banka-hesap-bilgileri\/\",\"url\":\"https:\/\/mesaticaret.com\/index.php\/banka-hesap-bilgileri\/\",\"name\":\"Banka Hesap Bilgileri - Mesa Ticaret\",\"isPartOf\":{\"@id\":\"https:\/\/mesaticaret.com\/#website\"},\"primaryImageOfPage\":{\"@id\":\"https:\/\/mesaticaret.com\/index.php\/banka-hesap-bilgileri\/#primaryimage\"},\"image\":{\"@id\":\"https:\/\/mesaticaret.com\/index.php\/banka-hesap-bilgileri\/#primaryimage\"},\"thumbnailUrl\":\"https:\/\/mesaticaret.com\/wp-content\/uploads\/qnb-finansbank-logo.png\",\"datePublished\":\"2024-09-10T01:06:13+00:00\",\"dateModified\":\"2024-11-07T00:28:46+00:00\",\"breadcrumb\":{\"@id\":\"https:\/\/mesaticaret.com\/index.php\/banka-hesap-bilgileri\/#breadcrumb\"},\"inLanguage\":\"tr\",\"potentialAction\":[{\"@type\":\"ReadAction\",\"target\":[\"https:\/\/mesaticaret.com\/index.php\/banka-hesap-bilgileri\/\"]}]},{\"@type\":\"ImageObject\",\"inLanguage\":\"tr\",\"@id\":\"https:\/\/mesaticaret.com\/index.php\/banka-hesap-bilgileri\/#primaryimage\",\"url\":\"https:\/\/mesaticaret.com\/wp-content\/uploads\/qnb-finansbank-logo.png\",\"contentUrl\":\"https:\/\/mesaticaret.com\/wp-content\/uploads\/qnb-finansbank-logo.png\",\"width\":300,\"height\":90},{\"@type\":\"BreadcrumbList\",\"@id\":\"https:\/\/mesaticaret.com\/index.php\/banka-hesap-bilgileri\/#breadcrumb\",\"itemListElement\":[{\"@type\":\"ListItem\",\"position\":1,\"name\":\"Anasayfa\",\"item\":\"https:\/\/mesaticaret.com\/\"},{\"@type\":\"ListItem\",\"position\":2,\"name\":\"Banka Hesap Bilgileri\"}]},{\"@type\":\"WebSite\",\"@id\":\"https:\/\/mesaticaret.com\/#website\",\"url\":\"https:\/\/mesaticaret.com\/\",\"name\":\"Mesa Ticaret\",\"description\":\"\u0130htiya\u00e7lar\u0131n\u0131 uygun fiyatla kar\u015f\u0131la\",\"publisher\":{\"@id\":\"https:\/\/mesaticaret.com\/#organization\"},\"potentialAction\":[{\"@type\":\"SearchAction\",\"target\":{\"@type\":\"EntryPoint\",\"urlTemplate\":\"https:\/\/mesaticaret.com\/?s={search_term_string}\"},\"query-input\":{\"@type\":\"PropertyValueSpecification\",\"valueRequired\":true,\"valueName\":\"search_term_string\"}}],\"inLanguage\":\"tr\"},{\"@type\":\"Organization\",\"@id\":\"https:\/\/mesaticaret.com\/#organization\",\"name\":\"Mesa Ticaret\",\"url\":\"https:\/\/mesaticaret.com\/\",\"logo\":{\"@type\":\"ImageObject\",\"inLanguage\":\"tr\",\"@id\":\"https:\/\/mesaticaret.com\/#\/schema\/logo\/image\/\",\"url\":\"https:\/\/i0.wp.com\/mesaticaret.com\/wp-content\/uploads\/2024\/09\/M-LOGO.png?fit=240%2C240&ssl=1\",\"contentUrl\":\"https:\/\/i0.wp.com\/mesaticaret.com\/wp-content\/uploads\/2024\/09\/M-LOGO.png?fit=240%2C240&ssl=1\",\"width\":240,\"height\":240,\"caption\":\"Mesa Ticaret\"},\"image\":{\"@id\":\"https:\/\/mesaticaret.com\/#\/schema\/logo\/image\/\"},\"sameAs\":[\"https:\/\/www.facebook.com\/profile.php?id=61565630218759\",\"https:\/\/x.com\/mehmetsatici\"]}]}<\/script>\n<!-- \/ Yoast SEO plugin. -->","yoast_head_json":{"title":"Banka Hesap Bilgileri - Mesa Ticaret","robots":{"index":"index","follow":"follow","max-snippet":"max-snippet:-1","max-image-preview":"max-image-preview:large","max-video-preview":"max-video-preview:-1"},"canonical":"https:\/\/mesaticaret.com\/index.php\/banka-hesap-bilgileri\/","og_locale":"tr_TR","og_type":"article","og_title":"Banka Hesap Bilgileri - Mesa Ticaret","og_description":"\u0130sim : Mehmet SATICIIBAN: TR28 0011 1000 0000 0145 6566 59 \u0130sim : Mehmet SATICIIBAN: TR88 0001 5001 5800 7335 3154 80 Yukar\u0131daki bilgiler \u00fczerinden \u00f6demelerinizi ger\u00e7ekle\u015ftirebilirsiniz. Avrupa&#8216;dan Para Transferi Avrupa Banka Hesap Bilgileri Al\u0131c\u0131 Ad\u0131 Soyad\u0131: MEHMET SATICIIBAN: GB79 CLJU 0413 0766 6181 81Banka Ad\u0131 : Clear Junction Limited BIC Kodu: CLJUGB21XXXSort Kod: 0413 [&hellip;]","og_url":"https:\/\/mesaticaret.com\/index.php\/banka-hesap-bilgileri\/","og_site_name":"Mesa Ticaret","article_publisher":"https:\/\/www.facebook.com\/profile.php?id=61565630218759","article_modified_time":"2024-11-07T00:28:46+00:00","og_image":[{"url":"https:\/\/mesaticaret.com\/wp-content\/uploads\/qnb-finansbank-logo.png","type":"","width":"","height":""}],"twitter_card":"summary_large_image","twitter_site":"@mehmetsatici","twitter_misc":{"Tahmini okuma s\u00fcresi":"1 dakika"},"schema":{"@context":"https:\/\/schema.org","@graph":[{"@type":"WebPage","@id":"https:\/\/mesaticaret.com\/index.php\/banka-hesap-bilgileri\/","url":"https:\/\/mesaticaret.com\/index.php\/banka-hesap-bilgileri\/","name":"Banka Hesap Bilgileri - Mesa Ticaret","isPartOf":{"@id":"https:\/\/mesaticaret.com\/#website"},"primaryImageOfPage":{"@id":"https:\/\/mesaticaret.com\/index.php\/banka-hesap-bilgileri\/#primaryimage"},"image":{"@id":"https:\/\/mesaticaret.com\/index.php\/banka-hesap-bilgileri\/#primaryimage"},"thumbnailUrl":"https:\/\/mesaticaret.com\/wp-content\/uploads\/qnb-finansbank-logo.png","datePublished":"2024-09-10T01:06:13+00:00","dateModified":"2024-11-07T00:28:46+00:00","breadcrumb":{"@id":"https:\/\/mesaticaret.com\/index.php\/banka-hesap-bilgileri\/#breadcrumb"},"inLanguage":"tr","potentialAction":[{"@type":"ReadAction","target":["https:\/\/mesaticaret.com\/index.php\/banka-hesap-bilgileri\/"]}]},{"@type":"ImageObject","inLanguage":"tr","@id":"https:\/\/mesaticaret.com\/index.php\/banka-hesap-bilgileri\/#primaryimage","url":"https:\/\/mesaticaret.com\/wp-content\/uploads\/qnb-finansbank-logo.png","contentUrl":"https:\/\/mesaticaret.com\/wp-content\/uploads\/qnb-finansbank-logo.png","width":300,"height":90},{"@type":"BreadcrumbList","@id":"https:\/\/mesaticaret.com\/index.php\/banka-hesap-bilgileri\/#breadcrumb","itemListElement":[{"@type":"ListItem","position":1,"name":"Anasayfa","item":"https:\/\/mesaticaret.com\/"},{"@type":"ListItem","position":2,"name":"Banka Hesap Bilgileri"}]},{"@type":"WebSite","@id":"https:\/\/mesaticaret.com\/#website","url":"https:\/\/mesaticaret.com\/","name":"Mesa Ticaret","description":"\u0130htiya\u00e7lar\u0131n\u0131 uygun fiyatla kar\u015f\u0131la","publisher":{"@id":"https:\/\/mesaticaret.com\/#organization"},"potentialAction":[{"@type":"SearchAction","target":{"@type":"EntryPoint","urlTemplate":"https:\/\/mesaticaret.com\/?s={search_term_string}"},"query-input":{"@type":"PropertyValueSpecification","valueRequired":true,"valueName":"search_term_string"}}],"inLanguage":"tr"},{"@type":"Organization","@id":"https:\/\/mesaticaret.com\/#organization","name":"Mesa Ticaret","url":"https:\/\/mesaticaret.com\/","logo":{"@type":"ImageObject","inLanguage":"tr","@id":"https:\/\/mesaticaret.com\/#\/schema\/logo\/image\/","url":"https:\/\/i0.wp.com\/mesaticaret.com\/wp-content\/uploads\/2024\/09\/M-LOGO.png?fit=240%2C240&ssl=1","contentUrl":"https:\/\/i0.wp.com\/mesaticaret.com\/wp-content\/uploads\/2024\/09\/M-LOGO.png?fit=240%2C240&ssl=1","width":240,"height":240,"caption":"Mesa Ticaret"},"image":{"@id":"https:\/\/mesaticaret.com\/#\/schema\/logo\/image\/"},"sameAs":["https:\/\/www.facebook.com\/profile.php?id=61565630218759","https:\/\/x.com\/mehmetsatici"]}]}},"_links":{"self":[{"href":"https:\/\/mesaticaret.com\/index.php\/wp-json\/wp\/v2\/pages\/983","targetHints":{"allow":["GET"]}}],"collection":[{"href":"https:\/\/mesaticaret.com\/index.php\/wp-json\/wp\/v2\/pages"}],"about":[{"href":"https:\/\/mesaticaret.com\/index.php\/wp-json\/wp\/v2\/types\/page"}],"author":[{"embeddable":true,"href":"https:\/\/mesaticaret.com\/index.php\/wp-json\/wp\/v2\/users\/4"}],"replies":[{"embeddable":true,"href":"https:\/\/mesaticaret.com\/index.php\/wp-json\/wp\/v2\/comments?post=983"}],"version-history":[{"count":5,"href":"https:\/\/mesaticaret.com\/index.php\/wp-json\/wp\/v2\/pages\/983\/revisions"}],"predecessor-version":[{"id":2265,"href":"https:\/\/mesaticaret.com\/index.php\/wp-json\/wp\/v2\/pages\/983\/revisions\/2265"}],"wp:attachment":[{"href":"https:\/\/mesaticaret.com\/index.php\/wp-json\/wp\/v2\/media?parent=983"}],"curies":[{"name":"wp","href":"https:\/\/api.w.org\/{rel}","templated":true}]}}