{"id":982,"date":"2024-09-10T04:06:13","date_gmt":"2024-09-10T01:06:13","guid":{"rendered":"https:\/\/mesaticaret.com\/?page_id=982"},"modified":"2024-12-29T22:41:11","modified_gmt":"2024-12-29T19:41:11","slug":"hakkimizda","status":"publish","type":"page","link":"https:\/\/mesaticaret.com\/index.php\/hakkimizda\/","title":{"rendered":"Hakk\u0131m\u0131zda"},"content":{"rendered":"\n<h2 class=\"wp-block-heading\"><strong>Hakk\u0131m\u0131zda<\/strong><\/h2>\n\n\n\n<p>Mesa Ticaret olarak en b\u00fcy\u00fck amac\u0131m\u0131z g\u00fcnl\u00fck ya\u015famda en \u00e7ok kullan\u0131lan \u00fcr\u00fcnleri, uygun fiyatlarla t\u00fcketiciye ula\u015ft\u0131rmakt\u0131r. Bu s\u00fcre\u00e7te operasyonel bilgi ve birikimlerimizle temin etti\u011fimiz \u00e7e\u015fitli kategorilerdeki \u00fcr\u00fcnlerimizi olabildi\u011fince az kar uygulayarak sat\u0131\u015fa sunmaktay\u0131z.<br><br>Geli\u015fen E-Ticaret sekt\u00f6r\u00fcnde rekabetin \u00f6nemini anl\u0131yor ve bu do\u011frultuda en uygun fiyatl\u0131 \u00fcr\u00fcnleri satmaya gayret ediyoruz. G\u00f6sterdi\u011fimiz \u00f6zen ile t\u00fcketicilerin memnuniyetini sa\u011flamay\u0131 umuyoruz.<br><br>Mesa Ticaret ile bu yolda bizimle birlikte olan herkese te\u015fekk\u00fcr ederiz. \u0130htiya\u00e7lar uygun fiyatla giderildi\u011finde g\u00fczeldir.<\/p>\n\n\n\n<p class=\"has-text-align-right\">&#8211; Mesa Ticaret<\/p>\n","protected":false},"excerpt":{"rendered":"<p>Hakk\u0131m\u0131zda Mesa Ticaret olarak en b\u00fcy\u00fck amac\u0131m\u0131z g\u00fcnl\u00fck ya\u015famda en \u00e7ok kullan\u0131lan \u00fcr\u00fcnleri, uygun fiyatlarla t\u00fcketiciye ula\u015ft\u0131rmakt\u0131r. Bu s\u00fcre\u00e7te operasyonel bilgi ve birikimlerimizle temin etti\u011fimiz \u00e7e\u015fitli kategorilerdeki \u00fcr\u00fcnlerimizi olabildi\u011fince az kar uygulayarak sat\u0131\u015fa sunmaktay\u0131z. Geli\u015fen E-Ticaret sekt\u00f6r\u00fcnde rekabetin \u00f6nemini anl\u0131yor ve bu do\u011frultuda en uygun fiyatl\u0131 \u00fcr\u00fcnleri satmaya gayret ediyoruz. G\u00f6sterdi\u011fimiz \u00f6zen ile t\u00fcketicilerin memnuniyetini [&hellip;]<\/p>\n","protected":false},"author":4,"featured_media":0,"parent":0,"menu_order":0,"comment_status":"closed","ping_status":"closed","template":"","meta":{"footnotes":""},"class_list":["post-982","page","type-page","status-publish","hentry"],"blocksy_meta":[],"yoast_head":"<!-- This site is optimized with the Yoast SEO plugin v27.2 - https:\/\/yoast.com\/product\/yoast-seo-wordpress\/ -->\n<title>Hakk\u0131m\u0131zda - Mesa Ticaret<\/title>\n<meta name=\"robots\" content=\"index, follow, max-snippet:-1, max-image-preview:large, max-video-preview:-1\" \/>\n<link rel=\"canonical\" href=\"https:\/\/mesaticaret.com\/index.php\/hakkimizda\/\" \/>\n<meta property=\"og:locale\" content=\"tr_TR\" \/>\n<meta property=\"og:type\" content=\"article\" \/>\n<meta property=\"og:title\" content=\"Hakk\u0131m\u0131zda - Mesa Ticaret\" \/>\n<meta property=\"og:description\" content=\"Hakk\u0131m\u0131zda Mesa Ticaret olarak en b\u00fcy\u00fck amac\u0131m\u0131z g\u00fcnl\u00fck ya\u015famda en \u00e7ok kullan\u0131lan \u00fcr\u00fcnleri, uygun fiyatlarla t\u00fcketiciye ula\u015ft\u0131rmakt\u0131r. Bu s\u00fcre\u00e7te operasyonel bilgi ve birikimlerimizle temin etti\u011fimiz \u00e7e\u015fitli kategorilerdeki \u00fcr\u00fcnlerimizi olabildi\u011fince az kar uygulayarak sat\u0131\u015fa sunmaktay\u0131z. Geli\u015fen E-Ticaret sekt\u00f6r\u00fcnde rekabetin \u00f6nemini anl\u0131yor ve bu do\u011frultuda en uygun fiyatl\u0131 \u00fcr\u00fcnleri satmaya gayret ediyoruz. G\u00f6sterdi\u011fimiz \u00f6zen ile t\u00fcketicilerin memnuniyetini [&hellip;]\" \/>\n<meta property=\"og:url\" content=\"https:\/\/mesaticaret.com\/index.php\/hakkimizda\/\" \/>\n<meta property=\"og:site_name\" content=\"Mesa Ticaret\" \/>\n<meta property=\"article:publisher\" content=\"https:\/\/www.facebook.com\/profile.php?id=61565630218759\" \/>\n<meta property=\"article:modified_time\" content=\"2024-12-29T19:41:11+00:00\" \/>\n<meta name=\"twitter:card\" content=\"summary_large_image\" \/>\n<meta name=\"twitter:site\" content=\"@mehmetsatici\" \/>\n<meta name=\"twitter:label1\" content=\"Tahmini okuma s\u00fcresi\" \/>\n\t<meta name=\"twitter:data1\" content=\"1 dakika\" \/>\n<script type=\"application\/ld+json\" class=\"yoast-schema-graph\">{\"@context\":\"https:\/\/schema.org\",\"@graph\":[{\"@type\":\"WebPage\",\"@id\":\"https:\/\/mesaticaret.com\/index.php\/hakkimizda\/\",\"url\":\"https:\/\/mesaticaret.com\/index.php\/hakkimizda\/\",\"name\":\"Hakk\u0131m\u0131zda - Mesa Ticaret\",\"isPartOf\":{\"@id\":\"https:\/\/mesaticaret.com\/#website\"},\"datePublished\":\"2024-09-10T01:06:13+00:00\",\"dateModified\":\"2024-12-29T19:41:11+00:00\",\"breadcrumb\":{\"@id\":\"https:\/\/mesaticaret.com\/index.php\/hakkimizda\/#breadcrumb\"},\"inLanguage\":\"tr\",\"potentialAction\":[{\"@type\":\"ReadAction\",\"target\":[\"https:\/\/mesaticaret.com\/index.php\/hakkimizda\/\"]}]},{\"@type\":\"BreadcrumbList\",\"@id\":\"https:\/\/mesaticaret.com\/index.php\/hakkimizda\/#breadcrumb\",\"itemListElement\":[{\"@type\":\"ListItem\",\"position\":1,\"name\":\"Anasayfa\",\"item\":\"https:\/\/mesaticaret.com\/\"},{\"@type\":\"ListItem\",\"position\":2,\"name\":\"Hakk\u0131m\u0131zda\"}]},{\"@type\":\"WebSite\",\"@id\":\"https:\/\/mesaticaret.com\/#website\",\"url\":\"https:\/\/mesaticaret.com\/\",\"name\":\"Mesa Ticaret\",\"description\":\"\u0130htiya\u00e7lar\u0131n\u0131 uygun fiyatla kar\u015f\u0131la\",\"publisher\":{\"@id\":\"https:\/\/mesaticaret.com\/#organization\"},\"potentialAction\":[{\"@type\":\"SearchAction\",\"target\":{\"@type\":\"EntryPoint\",\"urlTemplate\":\"https:\/\/mesaticaret.com\/?s={search_term_string}\"},\"query-input\":{\"@type\":\"PropertyValueSpecification\",\"valueRequired\":true,\"valueName\":\"search_term_string\"}}],\"inLanguage\":\"tr\"},{\"@type\":\"Organization\",\"@id\":\"https:\/\/mesaticaret.com\/#organization\",\"name\":\"Mesa Ticaret\",\"url\":\"https:\/\/mesaticaret.com\/\",\"logo\":{\"@type\":\"ImageObject\",\"inLanguage\":\"tr\",\"@id\":\"https:\/\/mesaticaret.com\/#\/schema\/logo\/image\/\",\"url\":\"https:\/\/i0.wp.com\/mesaticaret.com\/wp-content\/uploads\/2024\/09\/M-LOGO.png?fit=240%2C240&ssl=1\",\"contentUrl\":\"https:\/\/i0.wp.com\/mesaticaret.com\/wp-content\/uploads\/2024\/09\/M-LOGO.png?fit=240%2C240&ssl=1\",\"width\":240,\"height\":240,\"caption\":\"Mesa Ticaret\"},\"image\":{\"@id\":\"https:\/\/mesaticaret.com\/#\/schema\/logo\/image\/\"},\"sameAs\":[\"https:\/\/www.facebook.com\/profile.php?id=61565630218759\",\"https:\/\/x.com\/mehmetsatici\"]}]}<\/script>\n<!-- \/ Yoast SEO plugin. -->","yoast_head_json":{"title":"Hakk\u0131m\u0131zda - Mesa Ticaret","robots":{"index":"index","follow":"follow","max-snippet":"max-snippet:-1","max-image-preview":"max-image-preview:large","max-video-preview":"max-video-preview:-1"},"canonical":"https:\/\/mesaticaret.com\/index.php\/hakkimizda\/","og_locale":"tr_TR","og_type":"article","og_title":"Hakk\u0131m\u0131zda - Mesa Ticaret","og_description":"Hakk\u0131m\u0131zda Mesa Ticaret olarak en b\u00fcy\u00fck amac\u0131m\u0131z g\u00fcnl\u00fck ya\u015famda en \u00e7ok kullan\u0131lan \u00fcr\u00fcnleri, uygun fiyatlarla t\u00fcketiciye ula\u015ft\u0131rmakt\u0131r. Bu s\u00fcre\u00e7te operasyonel bilgi ve birikimlerimizle temin etti\u011fimiz \u00e7e\u015fitli kategorilerdeki \u00fcr\u00fcnlerimizi olabildi\u011fince az kar uygulayarak sat\u0131\u015fa sunmaktay\u0131z. Geli\u015fen E-Ticaret sekt\u00f6r\u00fcnde rekabetin \u00f6nemini anl\u0131yor ve bu do\u011frultuda en uygun fiyatl\u0131 \u00fcr\u00fcnleri satmaya gayret ediyoruz. G\u00f6sterdi\u011fimiz \u00f6zen ile t\u00fcketicilerin memnuniyetini [&hellip;]","og_url":"https:\/\/mesaticaret.com\/index.php\/hakkimizda\/","og_site_name":"Mesa Ticaret","article_publisher":"https:\/\/www.facebook.com\/profile.php?id=61565630218759","article_modified_time":"2024-12-29T19:41:11+00:00","twitter_card":"summary_large_image","twitter_site":"@mehmetsatici","twitter_misc":{"Tahmini okuma s\u00fcresi":"1 dakika"},"schema":{"@context":"https:\/\/schema.org","@graph":[{"@type":"WebPage","@id":"https:\/\/mesaticaret.com\/index.php\/hakkimizda\/","url":"https:\/\/mesaticaret.com\/index.php\/hakkimizda\/","name":"Hakk\u0131m\u0131zda - Mesa Ticaret","isPartOf":{"@id":"https:\/\/mesaticaret.com\/#website"},"datePublished":"2024-09-10T01:06:13+00:00","dateModified":"2024-12-29T19:41:11+00:00","breadcrumb":{"@id":"https:\/\/mesaticaret.com\/index.php\/hakkimizda\/#breadcrumb"},"inLanguage":"tr","potentialAction":[{"@type":"ReadAction","target":["https:\/\/mesaticaret.com\/index.php\/hakkimizda\/"]}]},{"@type":"BreadcrumbList","@id":"https:\/\/mesaticaret.com\/index.php\/hakkimizda\/#breadcrumb","itemListElement":[{"@type":"ListItem","position":1,"name":"Anasayfa","item":"https:\/\/mesaticaret.com\/"},{"@type":"ListItem","position":2,"name":"Hakk\u0131m\u0131zda"}]},{"@type":"WebSite","@id":"https:\/\/mesaticaret.com\/#website","url":"https:\/\/mesaticaret.com\/","name":"Mesa Ticaret","description":"\u0130htiya\u00e7lar\u0131n\u0131 uygun fiyatla kar\u015f\u0131la","publisher":{"@id":"https:\/\/mesaticaret.com\/#organization"},"potentialAction":[{"@type":"SearchAction","target":{"@type":"EntryPoint","urlTemplate":"https:\/\/mesaticaret.com\/?s={search_term_string}"},"query-input":{"@type":"PropertyValueSpecification","valueRequired":true,"valueName":"search_term_string"}}],"inLanguage":"tr"},{"@type":"Organization","@id":"https:\/\/mesaticaret.com\/#organization","name":"Mesa Ticaret","url":"https:\/\/mesaticaret.com\/","logo":{"@type":"ImageObject","inLanguage":"tr","@id":"https:\/\/mesaticaret.com\/#\/schema\/logo\/image\/","url":"https:\/\/i0.wp.com\/mesaticaret.com\/wp-content\/uploads\/2024\/09\/M-LOGO.png?fit=240%2C240&ssl=1","contentUrl":"https:\/\/i0.wp.com\/mesaticaret.com\/wp-content\/uploads\/2024\/09\/M-LOGO.png?fit=240%2C240&ssl=1","width":240,"height":240,"caption":"Mesa Ticaret"},"image":{"@id":"https:\/\/mesaticaret.com\/#\/schema\/logo\/image\/"},"sameAs":["https:\/\/www.facebook.com\/profile.php?id=61565630218759","https:\/\/x.com\/mehmetsatici"]}]}},"_links":{"self":[{"href":"https:\/\/mesaticaret.com\/index.php\/wp-json\/wp\/v2\/pages\/982","targetHints":{"allow":["GET"]}}],"collection":[{"href":"https:\/\/mesaticaret.com\/index.php\/wp-json\/wp\/v2\/pages"}],"about":[{"href":"https:\/\/mesaticaret.com\/index.php\/wp-json\/wp\/v2\/types\/page"}],"author":[{"embeddable":true,"href":"https:\/\/mesaticaret.com\/index.php\/wp-json\/wp\/v2\/users\/4"}],"replies":[{"embeddable":true,"href":"https:\/\/mesaticaret.com\/index.php\/wp-json\/wp\/v2\/comments?post=982"}],"version-history":[{"count":5,"href":"https:\/\/mesaticaret.com\/index.php\/wp-json\/wp\/v2\/pages\/982\/revisions"}],"predecessor-version":[{"id":2458,"href":"https:\/\/mesaticaret.com\/index.php\/wp-json\/wp\/v2\/pages\/982\/revisions\/2458"}],"wp:attachment":[{"href":"https:\/\/mesaticaret.com\/index.php\/wp-json\/wp\/v2\/media?parent=982"}],"curies":[{"name":"wp","href":"https:\/\/api.w.org\/{rel}","templated":true}]}}