{"id":20,"date":"2020-03-13T08:06:47","date_gmt":"2020-03-13T08:06:47","guid":{"rendered":"https:\/\/startersites.io\/blocksy\/modern-shop\/my-account\/"},"modified":"2024-09-18T23:08:28","modified_gmt":"2024-09-18T20:08:28","slug":"my-account","status":"publish","type":"page","link":"https:\/\/mesaticaret.com\/index.php\/my-account\/","title":{"rendered":"Hesab\u0131m"},"content":{"rendered":"<div class=\"woocommerce ct-woo-unauthorized\"><\/div>\n\n\n\n<p><\/p>\n\n\n\n<p><\/p>\n\n\n\n<p><\/p>\n\n\n\n<p><\/p>\n","protected":false},"excerpt":{"rendered":"","protected":false},"author":4,"featured_media":0,"parent":0,"menu_order":0,"comment_status":"closed","ping_status":"closed","template":"","meta":{"footnotes":""},"class_list":["post-20","page","type-page","status-publish","hentry"],"blocksy_meta":{"page_title_panel":"","has_hero_section":"default","4c0c9788bb25a1d555fe8de109e8d147":"","hero_section":"type-2","hero_alignment1":"left","hero_alignment2":"center","hero_height":"230px","page_title_bg_type":"color","custom_hero_background":{"attachment_id":null},"parallax":{"desktop":false,"tablet":false,"mobile":false},"c3f1ad4f1b7d721fe30e1014f39bba28":"","single_meta_elements":{"author":false,"date":false,"categories":false,"comments":false,"updated":false,"tags":false},"has_meta_label":"yes","has_meta_avatar":"yes","date_format_source":"custom","single_meta_date_format":"M j, Y","a6960cd1ab963222111836f680e5d6d3":"","page_excerpt_visibility":{"desktop":true,"tablet":true,"mobile":false},"pageTitleFont":{"family":"Default","variation":"Default","size":{"desktop":"32px","tablet":"30px","mobile":"25px"},"line-height":"1.3","letter-spacing":"CT_CSS_SKIP_RULE","text-transform":"CT_CSS_SKIP_RULE","text-decoration":"CT_CSS_SKIP_RULE"},"pageTitleFontColor":{"default":{"color":"CT_CSS_SKIP_RULEDEFAULT"}},"pageMetaFont":{"family":"Default","variation":"n6","size":{"desktop":"12px","tablet":"12px","mobile":"12px"},"line-height":"1.3","letter-spacing":"CT_CSS_SKIP_RULE","text-transform":"uppercase","text-decoration":"CT_CSS_SKIP_RULE"},"pageMetaFontColor":{"default":{"color":"CT_CSS_SKIP_RULEDEFAULT"},"hover":{"color":"CT_CSS_SKIP_RULEDEFAULT"}},"pageExcerptFont":{"family":"Default","variation":"n5","size":"CT_CSS_SKIP_RULE","line-height":"CT_CSS_SKIP_RULE","letter-spacing":"CT_CSS_SKIP_RULE","text-transform":"CT_CSS_SKIP_RULE","text-decoration":"CT_CSS_SKIP_RULE"},"pageExcerptColor":{"default":{"color":"CT_CSS_SKIP_RULEDEFAULT"}},"pageTitleOverlay":{"default":{"color":"rgba(41, 51, 60, 0.2)"}},"pageTitleBackground":{"default":{"color":"#EDEFF2"}},"2af030565dc65cac79ac17c3e8451cca":"","page_structure_type":"default","page_enable_vertical_spacing":"yes","0f44139692655362a7441da26c9f0dba":"","disable_featured_image":"no","205f1dbc8c7bc566b0b70479d908eb57":"","fee3d039fd291492a4425253ff62ed73":"","30eb694de8a7c33cf7e7ec1e26e254ae":"","5ad6366ed3d794e69b6922995f5e4f16":"","d6a32e6e981a918486e5f345489757c0":"","styles_descriptor":{"styles":{"desktop":"","tablet":"","mobile":""},"google_fonts":[],"version":6}},"yoast_head":"<!-- This site is optimized with the Yoast SEO plugin v27.2 - https:\/\/yoast.com\/product\/yoast-seo-wordpress\/ -->\n<title>Hesab\u0131m - Mesa Ticaret<\/title>\n<meta name=\"robots\" content=\"index, follow, max-snippet:-1, max-image-preview:large, max-video-preview:-1\" \/>\n<link rel=\"canonical\" href=\"https:\/\/mesaticaret.com\/index.php\/my-account\/\" \/>\n<meta property=\"og:locale\" content=\"tr_TR\" \/>\n<meta property=\"og:type\" content=\"article\" \/>\n<meta property=\"og:title\" content=\"Hesab\u0131m - Mesa Ticaret\" \/>\n<meta property=\"og:url\" content=\"https:\/\/mesaticaret.com\/index.php\/my-account\/\" \/>\n<meta property=\"og:site_name\" content=\"Mesa Ticaret\" \/>\n<meta property=\"article:publisher\" content=\"https:\/\/www.facebook.com\/profile.php?id=61565630218759\" \/>\n<meta property=\"article:modified_time\" content=\"2024-09-18T20:08:28+00:00\" \/>\n<meta name=\"twitter:card\" content=\"summary_large_image\" \/>\n<meta name=\"twitter:site\" content=\"@mehmetsatici\" \/>\n<meta name=\"twitter:label1\" content=\"Tahmini okuma s\u00fcresi\" \/>\n\t<meta name=\"twitter:data1\" content=\"1 dakika\" \/>\n<script type=\"application\/ld+json\" class=\"yoast-schema-graph\">{\"@context\":\"https:\/\/schema.org\",\"@graph\":[{\"@type\":\"WebPage\",\"@id\":\"https:\/\/mesaticaret.com\/index.php\/my-account\/\",\"url\":\"https:\/\/mesaticaret.com\/index.php\/my-account\/\",\"name\":\"Hesab\u0131m - Mesa Ticaret\",\"isPartOf\":{\"@id\":\"https:\/\/mesaticaret.com\/#website\"},\"datePublished\":\"2020-03-13T08:06:47+00:00\",\"dateModified\":\"2024-09-18T20:08:28+00:00\",\"breadcrumb\":{\"@id\":\"https:\/\/mesaticaret.com\/index.php\/my-account\/#breadcrumb\"},\"inLanguage\":\"tr\",\"potentialAction\":[{\"@type\":\"ReadAction\",\"target\":[\"https:\/\/mesaticaret.com\/index.php\/my-account\/\"]}]},{\"@type\":\"BreadcrumbList\",\"@id\":\"https:\/\/mesaticaret.com\/index.php\/my-account\/#breadcrumb\",\"itemListElement\":[{\"@type\":\"ListItem\",\"position\":1,\"name\":\"Anasayfa\",\"item\":\"https:\/\/mesaticaret.com\/\"},{\"@type\":\"ListItem\",\"position\":2,\"name\":\"Hesab\u0131m\"}]},{\"@type\":\"WebSite\",\"@id\":\"https:\/\/mesaticaret.com\/#website\",\"url\":\"https:\/\/mesaticaret.com\/\",\"name\":\"Mesa Ticaret\",\"description\":\"\u0130htiya\u00e7lar\u0131n\u0131 uygun fiyatla kar\u015f\u0131la\",\"publisher\":{\"@id\":\"https:\/\/mesaticaret.com\/#organization\"},\"potentialAction\":[{\"@type\":\"SearchAction\",\"target\":{\"@type\":\"EntryPoint\",\"urlTemplate\":\"https:\/\/mesaticaret.com\/?s={search_term_string}\"},\"query-input\":{\"@type\":\"PropertyValueSpecification\",\"valueRequired\":true,\"valueName\":\"search_term_string\"}}],\"inLanguage\":\"tr\"},{\"@type\":\"Organization\",\"@id\":\"https:\/\/mesaticaret.com\/#organization\",\"name\":\"Mesa Ticaret\",\"url\":\"https:\/\/mesaticaret.com\/\",\"logo\":{\"@type\":\"ImageObject\",\"inLanguage\":\"tr\",\"@id\":\"https:\/\/mesaticaret.com\/#\/schema\/logo\/image\/\",\"url\":\"https:\/\/i0.wp.com\/mesaticaret.com\/wp-content\/uploads\/2024\/09\/M-LOGO.png?fit=240%2C240&ssl=1\",\"contentUrl\":\"https:\/\/i0.wp.com\/mesaticaret.com\/wp-content\/uploads\/2024\/09\/M-LOGO.png?fit=240%2C240&ssl=1\",\"width\":240,\"height\":240,\"caption\":\"Mesa Ticaret\"},\"image\":{\"@id\":\"https:\/\/mesaticaret.com\/#\/schema\/logo\/image\/\"},\"sameAs\":[\"https:\/\/www.facebook.com\/profile.php?id=61565630218759\",\"https:\/\/x.com\/mehmetsatici\"]}]}<\/script>\n<!-- \/ Yoast SEO plugin. -->","yoast_head_json":{"title":"Hesab\u0131m - Mesa Ticaret","robots":{"index":"index","follow":"follow","max-snippet":"max-snippet:-1","max-image-preview":"max-image-preview:large","max-video-preview":"max-video-preview:-1"},"canonical":"https:\/\/mesaticaret.com\/index.php\/my-account\/","og_locale":"tr_TR","og_type":"article","og_title":"Hesab\u0131m - Mesa Ticaret","og_url":"https:\/\/mesaticaret.com\/index.php\/my-account\/","og_site_name":"Mesa Ticaret","article_publisher":"https:\/\/www.facebook.com\/profile.php?id=61565630218759","article_modified_time":"2024-09-18T20:08:28+00:00","twitter_card":"summary_large_image","twitter_site":"@mehmetsatici","twitter_misc":{"Tahmini okuma s\u00fcresi":"1 dakika"},"schema":{"@context":"https:\/\/schema.org","@graph":[{"@type":"WebPage","@id":"https:\/\/mesaticaret.com\/index.php\/my-account\/","url":"https:\/\/mesaticaret.com\/index.php\/my-account\/","name":"Hesab\u0131m - Mesa Ticaret","isPartOf":{"@id":"https:\/\/mesaticaret.com\/#website"},"datePublished":"2020-03-13T08:06:47+00:00","dateModified":"2024-09-18T20:08:28+00:00","breadcrumb":{"@id":"https:\/\/mesaticaret.com\/index.php\/my-account\/#breadcrumb"},"inLanguage":"tr","potentialAction":[{"@type":"ReadAction","target":["https:\/\/mesaticaret.com\/index.php\/my-account\/"]}]},{"@type":"BreadcrumbList","@id":"https:\/\/mesaticaret.com\/index.php\/my-account\/#breadcrumb","itemListElement":[{"@type":"ListItem","position":1,"name":"Anasayfa","item":"https:\/\/mesaticaret.com\/"},{"@type":"ListItem","position":2,"name":"Hesab\u0131m"}]},{"@type":"WebSite","@id":"https:\/\/mesaticaret.com\/#website","url":"https:\/\/mesaticaret.com\/","name":"Mesa Ticaret","description":"\u0130htiya\u00e7lar\u0131n\u0131 uygun fiyatla kar\u015f\u0131la","publisher":{"@id":"https:\/\/mesaticaret.com\/#organization"},"potentialAction":[{"@type":"SearchAction","target":{"@type":"EntryPoint","urlTemplate":"https:\/\/mesaticaret.com\/?s={search_term_string}"},"query-input":{"@type":"PropertyValueSpecification","valueRequired":true,"valueName":"search_term_string"}}],"inLanguage":"tr"},{"@type":"Organization","@id":"https:\/\/mesaticaret.com\/#organization","name":"Mesa Ticaret","url":"https:\/\/mesaticaret.com\/","logo":{"@type":"ImageObject","inLanguage":"tr","@id":"https:\/\/mesaticaret.com\/#\/schema\/logo\/image\/","url":"https:\/\/i0.wp.com\/mesaticaret.com\/wp-content\/uploads\/2024\/09\/M-LOGO.png?fit=240%2C240&ssl=1","contentUrl":"https:\/\/i0.wp.com\/mesaticaret.com\/wp-content\/uploads\/2024\/09\/M-LOGO.png?fit=240%2C240&ssl=1","width":240,"height":240,"caption":"Mesa Ticaret"},"image":{"@id":"https:\/\/mesaticaret.com\/#\/schema\/logo\/image\/"},"sameAs":["https:\/\/www.facebook.com\/profile.php?id=61565630218759","https:\/\/x.com\/mehmetsatici"]}]}},"_links":{"self":[{"href":"https:\/\/mesaticaret.com\/index.php\/wp-json\/wp\/v2\/pages\/20","targetHints":{"allow":["GET"]}}],"collection":[{"href":"https:\/\/mesaticaret.com\/index.php\/wp-json\/wp\/v2\/pages"}],"about":[{"href":"https:\/\/mesaticaret.com\/index.php\/wp-json\/wp\/v2\/types\/page"}],"author":[{"embeddable":true,"href":"https:\/\/mesaticaret.com\/index.php\/wp-json\/wp\/v2\/users\/4"}],"replies":[{"embeddable":true,"href":"https:\/\/mesaticaret.com\/index.php\/wp-json\/wp\/v2\/comments?post=20"}],"version-history":[{"count":3,"href":"https:\/\/mesaticaret.com\/index.php\/wp-json\/wp\/v2\/pages\/20\/revisions"}],"predecessor-version":[{"id":1471,"href":"https:\/\/mesaticaret.com\/index.php\/wp-json\/wp\/v2\/pages\/20\/revisions\/1471"}],"wp:attachment":[{"href":"https:\/\/mesaticaret.com\/index.php\/wp-json\/wp\/v2\/media?parent=20"}],"curies":[{"name":"wp","href":"https:\/\/api.w.org\/{rel}","templated":true}]}}